{"id":930,"date":"2025-06-30T17:39:48","date_gmt":"2025-06-30T15:39:48","guid":{"rendered":"https:\/\/lozoi.szczecin.pl\/autoinstalator\/wordpressplugins\/?page_id=930"},"modified":"2025-10-01T15:27:45","modified_gmt":"2025-10-01T13:27:45","slug":"szkolne-prawo","status":"publish","type":"page","link":"https:\/\/lozoi.szczecin.pl\/autoinstalator\/wordpressplugins\/index.php\/szkolne-prawo\/","title":{"rendered":"Szkolne prawo"},"content":{"rendered":"\t\t<div data-elementor-type=\"wp-page\" data-elementor-id=\"930\" class=\"elementor elementor-930\">\n\t\t\t\t<div class=\"elementor-element elementor-element-faafe1b e-flex e-con-boxed e-con e-parent\" data-id=\"faafe1b\" data-element_type=\"container\" data-e-type=\"container\">\n\t\t\t\t\t<div class=\"e-con-inner\">\n\t\t\t\t<div class=\"elementor-element elementor-element-cc3d3b1 elementor-widget elementor-widget-text-editor\" data-id=\"cc3d3b1\" data-element_type=\"widget\" data-e-type=\"widget\" data-widget_type=\"text-editor.default\">\n\t\t\t\t\t\t\t\t\t<ol><li><a href=\"https:\/\/lozoi.szczecin.pl\/autoinstalator\/wordpressplugins\/wp-content\/uploads\/2025\/09\/Statut-LOzOI-od-01.09.2025.pdf\"><em><strong>Statut LOzOI<\/strong><\/em><\/a><\/li><li><em><strong><a href=\"https:\/\/lozoi.szczecin.pl\/autoinstalator\/wordpressplugins\/wp-content\/uploads\/2025\/10\/Program-wychowawczo-profilaktyczny.pdf\">Szkolny program wychowawczo-profilaktyczny<\/a><\/strong><\/em><\/li><li><a href=\"https:\/\/lozoi.szczecin.pl\/autoinstalator\/wordpressplugins\/wp-content\/uploads\/2025\/09\/PROGRAM-REALIAZACJI-WSDZ_2025_2026.pdf\"><em><strong>Wewn\u0105trzszkolny system doradztwa zawodowego<\/strong><\/em><\/a><\/li><li><em><strong>Standardy ochrony ma\u0142oletnich:<\/strong><\/em><\/li><\/ol><ul><li><a href=\"https:\/\/lozoi.szczecin.pl\/autoinstalator\/wordpressplugins\/wp-content\/uploads\/2025\/06\/Procedura-kontroli-pracownikow-przed-dopuszczeniem-do-pracy.pdf\">Procedura kontroli pracownik\u00f3w przed dopuszczeniem do pracy<\/a><\/li><li><a href=\"https:\/\/lozoi.szczecin.pl\/autoinstalator\/wordpressplugins\/wp-content\/uploads\/2025\/06\/Zatrucie-przez-ucznia-substancja-psychoaktywna-LOZOI.pdf\">Zatrucie przez ucznia substancja psychoaktywna LOZOI<\/a><\/li><li><a href=\"https:\/\/lozoi.szczecin.pl\/autoinstalator\/wordpressplugins\/wp-content\/uploads\/2025\/06\/Zasady-bezpiecznych-relacji-miedzy-maloletnim-a-personelem.pdf\">Zasady bezpiecznych relacji mi\u0119dzy ma\u0142oletnim a personelem<\/a><\/li><li><a href=\"https:\/\/lozoi.szczecin.pl\/autoinstalator\/wordpressplugins\/wp-content\/uploads\/2025\/06\/Proba-samobojcza-lub-samobojstwo-ucznia.pdf\">Pr\u00f3ba samob\u00f3jcza lub samob\u00f3jstwo ucznia<\/a><\/li><li><a href=\"https:\/\/lozoi.szczecin.pl\/autoinstalator\/wordpressplugins\/wp-content\/uploads\/2025\/06\/Zasady-i-procedura-interwencji-w-sytuacji-podejrzenia-krzywdzenia.pdf\">Zasady i procedura interwencji w sytuacji podejrzenia krzywdzenia<\/a><\/li><li><a href=\"https:\/\/lozoi.szczecin.pl\/autoinstalator\/wordpressplugins\/wp-content\/uploads\/2025\/06\/Procedura-zawiadomienia-o-podejrzeniu-popelnienia-przestepstwa-wobec-maloletniego.pdf\">Procedura zawiadomienia o podejrzeniu pope\u0142nienia przest\u0119pstwa wobec ma\u0142oletniego<\/a><\/li><li><a href=\"https:\/\/lozoi.szczecin.pl\/autoinstalator\/wordpressplugins\/wp-content\/uploads\/2025\/06\/Agresywne-zachowania-ucznia.pdf\">Agresywne zachowania ucznia<\/a><\/li><li><a href=\"https:\/\/lozoi.szczecin.pl\/autoinstalator\/wordpressplugins\/wp-content\/uploads\/2025\/06\/Popelnienie-przestepstwa-lub-innych-czynow-lamiacych-normy-prawne-lub-spoleczne-na-terenie-szkoly.pdf\">Pope\u0142nienie przest\u0119pstwa lub innych czyn\u00f3w \u0142ami\u0105cych normy prawne, lub spo\u0142eczne na terenie szko\u0142y<\/a><\/li><li><a href=\"https:\/\/lozoi.szczecin.pl\/autoinstalator\/wordpressplugins\/wp-content\/uploads\/2025\/06\/Niszczenie-mienia-szkoly-lub-osob.pdf\">Niszczenie mienia szko\u0142y lub os\u00f3b<\/a><\/li><li><a href=\"https:\/\/lozoi.szczecin.pl\/autoinstalator\/wordpressplugins\/wp-content\/uploads\/2025\/06\/Znalezienie-w-szkole-substancji-psychoaktywnych.pdf\">Znalezienie w szkole substancji psychoaktywnych<\/a><\/li><li><a href=\"https:\/\/lozoi.szczecin.pl\/autoinstalator\/wordpressplugins\/wp-content\/uploads\/2025\/06\/Uczen-pod-wplywem-alkoholu-lub-innej-substancji-psychoaktywnej.pdf\">Ucze\u0144 pod wp\u0142ywem alkoholu lub innej substancji psychoaktywnej<\/a><\/li><li><a href=\"https:\/\/lozoi.szczecin.pl\/autoinstalator\/wordpressplugins\/wp-content\/uploads\/2025\/06\/Podejrzenie-ze-uczen-posiada-narkotyki-dopalacze.pdf\">Podejrzenie, \u017ce ucze\u0144 posiada narkotyki, dopalacze<\/a><\/li><li><a href=\"https:\/\/lozoi.szczecin.pl\/autoinstalator\/wordpressplugins\/wp-content\/uploads\/2025\/06\/Zachowania-agresywne-niosace-zagrozenie-zycia-lub-zdrowia.pdf\">Zachowania agresywne nios\u0105ce zagro\u017cenie \u017cycia lub zdrowia<\/a><\/li><li><a href=\"https:\/\/lozoi.szczecin.pl\/autoinstalator\/wordpressplugins\/wp-content\/uploads\/2025\/06\/Informacja-ze-uczen-jest-ofiara-przemocy-lub-przestepstwa.pdf\">Informacja, \u017ce ucze\u0144 jest ofiar\u0105 przemocy lub przest\u0119pstwa<\/a><\/li><li><a href=\"https:\/\/lozoi.szczecin.pl\/autoinstalator\/wordpressplugins\/wp-content\/uploads\/2025\/06\/Przemoc-wobec-dziecka-z-niepelnosprawnoscia.pdf\">Przemoc wobec dziecka z niepe\u0142nosprawno\u015bci\u0105<\/a><\/li><li><a href=\"https:\/\/lozoi.szczecin.pl\/autoinstalator\/wordpressplugins\/wp-content\/uploads\/2025\/06\/Postepowanie-z-dzieckiem-z-rodziny-dysfunkcyjnej-w-sytuacji-oznak-znecania.pdf\">Post\u0119powanie z dzieckiem z rodziny dysfunkcyjnej w sytuacji oznak zn\u0119cania<\/a><\/li><li><a href=\"https:\/\/lozoi.szczecin.pl\/autoinstalator\/wordpressplugins\/wp-content\/uploads\/2025\/06\/Bezprawne-uzycie-cudzego-wizerunku-w-sieci-oraz-lamania-prawa-autorskiego.pdf\">Bezprawne u\u017cycie cudzego wizerunku w sieci oraz \u0142amania prawa autorskiego<\/a><\/li><li><a href=\"https:\/\/lozoi.szczecin.pl\/autoinstalator\/wordpressplugins\/wp-content\/uploads\/2025\/06\/Niezgodne-z-prawem-wykorzystanie-danych-osobowych-lub-wizerunku-dziecka.pdf\">Niezgodne z prawem wykorzystanie danych osobowych lub wizerunku dziecka<\/a><\/li><li><a href=\"https:\/\/lozoi.szczecin.pl\/autoinstalator\/wordpressplugins\/wp-content\/uploads\/2025\/06\/Dostep-do-tresci-szkodliwych-niepozadanych-nielegalnych.pdf\">Dost\u0119p do tre\u015bci szkodliwych, niepo\u017c\u0105danych, nielegalnych<\/a><\/li><li><a href=\"https:\/\/lozoi.szczecin.pl\/autoinstalator\/wordpressplugins\/wp-content\/uploads\/2025\/06\/Rozpowszechnianie-przez-ucznia-pornografii-w-szkole.pdf\">Rozpowszechnianie przez ucznia pornografii w szkole<\/a><\/li><li><a href=\"https:\/\/lozoi.szczecin.pl\/autoinstalator\/wordpressplugins\/wp-content\/uploads\/2025\/06\/Ujawnienie-problemu-sekstingu-w-szkole.pdf\">Ujawnienie problemu sekstingu w szkole<\/a><\/li><li><a href=\"https:\/\/lozoi.szczecin.pl\/autoinstalator\/wordpressplugins\/wp-content\/uploads\/2025\/06\/Procedura-postepowania-w-przypadku-wystapienia-prostytucji.pdf\">Procedura post\u0119powania w przypadku wyst\u0105pienia prostytucji<\/a><\/li><li><a href=\"https:\/\/lozoi.szczecin.pl\/autoinstalator\/wordpressplugins\/wp-content\/uploads\/2025\/06\/Dziecko-molestowane-seksualnie.pdf\">Dziecko molestowane seksualnie<\/a><\/li><li><a href=\"https:\/\/lozoi.szczecin.pl\/autoinstalator\/wordpressplugins\/wp-content\/uploads\/2025\/06\/Procedura-postepowania-w-przypadku-wystapienia-ekshibicjonizmu.pdf\">Procedura post\u0119powania w przypadku wyst\u0105pienia ekshibicjonizmu<\/a><\/li><li><a href=\"https:\/\/lozoi.szczecin.pl\/autoinstalator\/wordpressplugins\/wp-content\/uploads\/2025\/06\/Ciaza-uczennicy.pdf\">Ci\u0105\u017ca uczennicy<\/a><\/li><li><a href=\"https:\/\/lozoi.szczecin.pl\/autoinstalator\/wordpressplugins\/wp-content\/uploads\/2025\/06\/Zaburzenia-emocjonalne-uczniow.pdf\">Zaburzenia emocjonalne uczni\u00f3w<\/a><\/li><li><a href=\"https:\/\/lozoi.szczecin.pl\/autoinstalator\/wordpressplugins\/wp-content\/uploads\/2025\/06\/Atak-paniki-u-ucznia-z-fobia-szkolna.pdf\">Atak paniki u ucznia z fobi\u0105 szkoln\u0105<\/a><\/li><li><a href=\"https:\/\/lozoi.szczecin.pl\/autoinstalator\/wordpressplugins\/wp-content\/uploads\/2025\/06\/Zaburzenia-odzywiania.pdf\">Zaburzenia od\u017cywiania<\/a><\/li><\/ul>\t\t\t\t\t\t\t\t<\/div>\n\t\t\t\t\t<\/div>\n\t\t\t\t<\/div>\n\t\t\t\t<\/div>\n\t\t","protected":false},"excerpt":{"rendered":"<p>Statut LOzOI Szkolny program wychowawczo-profilaktyczny Wewn\u0105trzszkolny system doradztwa zawodowego Standardy ochrony ma\u0142oletnich: Procedura kontroli pracownik\u00f3w przed dopuszczeniem do pracy Zatrucie przez ucznia substancja psychoaktywna LOZOI Zasady bezpiecznych relacji mi\u0119dzy ma\u0142oletnim a personelem Pr\u00f3ba samob\u00f3jcza lub samob\u00f3jstwo ucznia Zasady i procedura interwencji w sytuacji podejrzenia krzywdzenia Procedura zawiadomienia o podejrzeniu pope\u0142nienia przest\u0119pstwa wobec ma\u0142oletniego Agresywne zachowania [&hellip;]<\/p>\n","protected":false},"author":2,"featured_media":0,"parent":0,"menu_order":0,"comment_status":"closed","ping_status":"closed","template":"","meta":{"footnotes":""},"categories":[],"tags":[],"class_list":["post-930","page","type-page","status-publish","hentry"],"_links":{"self":[{"href":"https:\/\/lozoi.szczecin.pl\/autoinstalator\/wordpressplugins\/index.php\/wp-json\/wp\/v2\/pages\/930","targetHints":{"allow":["GET"]}}],"collection":[{"href":"https:\/\/lozoi.szczecin.pl\/autoinstalator\/wordpressplugins\/index.php\/wp-json\/wp\/v2\/pages"}],"about":[{"href":"https:\/\/lozoi.szczecin.pl\/autoinstalator\/wordpressplugins\/index.php\/wp-json\/wp\/v2\/types\/page"}],"author":[{"embeddable":true,"href":"https:\/\/lozoi.szczecin.pl\/autoinstalator\/wordpressplugins\/index.php\/wp-json\/wp\/v2\/users\/2"}],"replies":[{"embeddable":true,"href":"https:\/\/lozoi.szczecin.pl\/autoinstalator\/wordpressplugins\/index.php\/wp-json\/wp\/v2\/comments?post=930"}],"version-history":[{"count":49,"href":"https:\/\/lozoi.szczecin.pl\/autoinstalator\/wordpressplugins\/index.php\/wp-json\/wp\/v2\/pages\/930\/revisions"}],"predecessor-version":[{"id":1582,"href":"https:\/\/lozoi.szczecin.pl\/autoinstalator\/wordpressplugins\/index.php\/wp-json\/wp\/v2\/pages\/930\/revisions\/1582"}],"wp:attachment":[{"href":"https:\/\/lozoi.szczecin.pl\/autoinstalator\/wordpressplugins\/index.php\/wp-json\/wp\/v2\/media?parent=930"}],"wp:term":[{"taxonomy":"category","embeddable":true,"href":"https:\/\/lozoi.szczecin.pl\/autoinstalator\/wordpressplugins\/index.php\/wp-json\/wp\/v2\/categories?post=930"},{"taxonomy":"post_tag","embeddable":true,"href":"https:\/\/lozoi.szczecin.pl\/autoinstalator\/wordpressplugins\/index.php\/wp-json\/wp\/v2\/tags?post=930"}],"curies":[{"name":"wp","href":"https:\/\/api.w.org\/{rel}","templated":true}]}}