{"id":918,"date":"2025-06-30T17:21:03","date_gmt":"2025-06-30T15:21:03","guid":{"rendered":"https:\/\/lozoi.szczecin.pl\/autoinstalator\/wordpressplugins\/?page_id=918"},"modified":"2025-06-30T17:21:04","modified_gmt":"2025-06-30T15:21:04","slug":"regulamin-udostepniania-danych-osobowych-z-monitoringu-wizyjnego","status":"publish","type":"page","link":"https:\/\/lozoi.szczecin.pl\/autoinstalator\/wordpressplugins\/index.php\/regulamin-udostepniania-danych-osobowych-z-monitoringu-wizyjnego\/","title":{"rendered":"Regulamin udost\u0119pniania danych osobowych z monitoringu wizyjnego"},"content":{"rendered":"\n<p>Celem stosowania monitoringu wizyjnego w Liceum Og\u00f3lnokszta\u0142c\u0105cym z Oddzia\u0142ami<br>Integracyjnymi jest zapewnienie bezpiecze\u0144stwa i porz\u0105dku w plac\u00f3wce. Monitoring wizyjny ma na<br>celu zwi\u0119kszenie bezpiecze\u0144stwa uczni\u00f3w\/wychowank\u00f3w, pracownik\u00f3w i pozosta\u0142ych os\u00f3b<br>przebywaj\u0105cych na terenie plac\u00f3wki, a tak\u017ce znajduj\u0105cego si\u0119 tam mienia. Innym powodem<br>stosowania monitoringu jest kontrola os\u00f3b wchodz\u0105cych na teren plac\u00f3wki.<br>Zarejestrowane nagrania z monitoringu mog\u0105 by\u0107 cz\u0119sto dowodem wypadku, konfliktu, czy te\u017c<br>naruszenia prawa (dalej: \u201ezaj\u015bcie\u201d) na terenie plac\u00f3wki.<br>Maj\u0105c na wzgl\u0119dzie ochron\u0119 danych osobowych nale\u017cy przyj\u0105\u0107 nast\u0119puj\u0105ce zasady<br>post\u0119powania w przypadku z\u0142o\u017cenia wniosku o udost\u0119pnienie nagra\u0144 z monitoringu:<\/p>\n\n\n\n<ol class=\"wp-block-list\">\n<li>O dost\u0119p do nagra\u0144 z monitoringu mog\u0105 wnioskowa\u0107:<br>a) uczestnicy zaj\u015bcia b\u0105d\u017a osoby ich reprezentuj\u0105ce (np. rodzice\/opiekunowie prawni),<br>b) organy \u015bcigania (np. Policja, Stra\u017c Miejska, Prokuratura) oraz inne organy publiczne.<br>Je\u015bli wnioskodawc\u0105 jest uczestnik zaj\u015bcia b\u0105d\u017a osoba go reprezentuj\u0105ca:<\/li>\n\n\n\n<li>Dyrekcja plac\u00f3wki samodzielnie weryfikuje nagranie z monitoringu i bez udost\u0119pniania tych<br>nagra\u0144 wnioskodawcy samodzielnie stara si\u0119 rozwi\u0105za\u0107 problem (poprzez rozmowy indywidualne<br>z uczestnikami zaj\u015bcia).<\/li>\n\n\n\n<li>W przypadku podtrzymania wniosku przez wnioskodawc\u0119, Dyrekcja, po ustaleniach z Zespo\u0142em<br>IOD (kt\u00f3rego przedstawiciel powinien w takim przypadku obejrze\u0107 przedmiotowe nagranie)<br>zaprasza na spotkanie wnioskodawc\u0119 oraz osoby lub przedstawicieli prawnych os\u00f3b, kt\u00f3rych<br>wizerunki zidentyfikowano na nagraniu w celu umo\u017cliwienia wsp\u00f3lnego obejrzenia nagrania<br>w plac\u00f3wce (bez mo\u017cliwo\u015bci utrwalania obrazu) &#8211; chyba \u017ce wsp\u00f3lne obejrzenie nagrania<br>przez osoby nie zwi\u0105zane bezpo\u015brednio z danym zaj\u015bciem mog\u0142oby realnie naruszy\u0107<br>lub grozi\u0107 naruszeniem d\u00f3br osobistych osoby lub os\u00f3b bezpo\u015brednio zwi\u0105zanych<br>z danym zaj\u015bciem. Dodatkowo plac\u00f3wka minimalizuje zakres ogl\u0105danego obrazu, a tam gdzie<br>jest to mo\u017cliwe prezentowane s\u0105 jedynie wybrane &#8222;stopklatki&#8221;. Warunkiem umo\u017cliwienia<br>obejrzenia obrazu jest weryfikacja przez Dyrekcj\u0119 plac\u00f3wki razem z Zespo\u0142em IOD, czy dany<br>wnioskodawca faktycznie ma interes w tym, aby skorzysta\u0107 z takiego uprawnienia.<br>Udost\u0119pnienie nagrania poprzez OBEJRZENIE nie mo\u017ce prowadzi\u0107 do WYDANIA KOPII nagrania<br>lub umo\u017cliwienia ogl\u0105daj\u0105cemu UTRWALENIA NAGRANIA PODCZAS OGL\u0104DANIA.<br>Je\u015bli wnioskodawc\u0105 jest organ \u015bci\u0105gania b\u0105d\u017a inny organ publiczny:<\/li>\n\n\n\n<li>Plac\u00f3wka ma obowi\u0105zek udost\u0119pni\u0107 nagranie z monitoringu do wgl\u0105du organom \u015bci\u0105gania lub<br>innym organom publicznym. Udost\u0119pnienie kopii nagrania na no\u015bniku nast\u0119puje WY\u0141\u0104CZNIE NA<br>PISEMNY WNIOSEK organu.<\/li>\n\n\n\n<li>W przypadku gdy danym nagraniem zainteresuj\u0105 si\u0119 organy \u015bcigania nale\u017cy odm\u00f3wi\u0107<br>indywidualnemu wnioskodawcy (np. rodzicowi) udost\u0119pnienia obrazu w postaci mo\u017cliwo\u015bci<br>obejrzenia nagrania jedynie w przypadku, gdy w formie pisemnej (pismo lub e-mail) przy okazji<br>pobierania kopii nagrania, ww. organy (s\u0142u\u017cby) zobowi\u0105\u017c\u0105 Dyrekcj\u0119 plac\u00f3wki do nieudost\u0119pniania<br>nagra\u0144 (o co Dyrekcja plac\u00f3wki b\u0119dzie w ka\u017cdym takim przypadku pyta\u0107 te plac\u00f3wki (s\u0142u\u017cby).<\/li>\n\n\n\n<li>Ka\u017cdy przypadek wniosku o udost\u0119pnienie nagra\u0144 z monitoringu jest<br>indywidualnie rozpatrywany.<\/li>\n\n\n\n<li>W sprawach nieuregulowanych powy\u017cej decyduje Dyrekcja plac\u00f3wki.<\/li>\n\n\n\n<li>Regulamin wchodzi w \u017cycie z dniem 30.01.2020 r.<\/li>\n<\/ol>\n\n\n\n<p><\/p>\n","protected":false},"excerpt":{"rendered":"<p>Celem stosowania monitoringu wizyjnego w Liceum Og\u00f3lnokszta\u0142c\u0105cym z Oddzia\u0142amiIntegracyjnymi jest zapewnienie bezpiecze\u0144stwa i porz\u0105dku w plac\u00f3wce. Monitoring wizyjny ma nacelu zwi\u0119kszenie bezpiecze\u0144stwa uczni\u00f3w\/wychowank\u00f3w, pracownik\u00f3w i pozosta\u0142ych os\u00f3bprzebywaj\u0105cych na terenie plac\u00f3wki, a tak\u017ce znajduj\u0105cego si\u0119 tam mienia. Innym powodemstosowania monitoringu jest kontrola os\u00f3b wchodz\u0105cych na teren plac\u00f3wki.Zarejestrowane nagrania z monitoringu mog\u0105 by\u0107 cz\u0119sto dowodem wypadku, konfliktu, [&hellip;]<\/p>\n","protected":false},"author":2,"featured_media":0,"parent":0,"menu_order":0,"comment_status":"closed","ping_status":"closed","template":"","meta":{"footnotes":""},"categories":[],"tags":[],"class_list":["post-918","page","type-page","status-publish","hentry"],"_links":{"self":[{"href":"https:\/\/lozoi.szczecin.pl\/autoinstalator\/wordpressplugins\/index.php\/wp-json\/wp\/v2\/pages\/918","targetHints":{"allow":["GET"]}}],"collection":[{"href":"https:\/\/lozoi.szczecin.pl\/autoinstalator\/wordpressplugins\/index.php\/wp-json\/wp\/v2\/pages"}],"about":[{"href":"https:\/\/lozoi.szczecin.pl\/autoinstalator\/wordpressplugins\/index.php\/wp-json\/wp\/v2\/types\/page"}],"author":[{"embeddable":true,"href":"https:\/\/lozoi.szczecin.pl\/autoinstalator\/wordpressplugins\/index.php\/wp-json\/wp\/v2\/users\/2"}],"replies":[{"embeddable":true,"href":"https:\/\/lozoi.szczecin.pl\/autoinstalator\/wordpressplugins\/index.php\/wp-json\/wp\/v2\/comments?post=918"}],"version-history":[{"count":1,"href":"https:\/\/lozoi.szczecin.pl\/autoinstalator\/wordpressplugins\/index.php\/wp-json\/wp\/v2\/pages\/918\/revisions"}],"predecessor-version":[{"id":919,"href":"https:\/\/lozoi.szczecin.pl\/autoinstalator\/wordpressplugins\/index.php\/wp-json\/wp\/v2\/pages\/918\/revisions\/919"}],"wp:attachment":[{"href":"https:\/\/lozoi.szczecin.pl\/autoinstalator\/wordpressplugins\/index.php\/wp-json\/wp\/v2\/media?parent=918"}],"wp:term":[{"taxonomy":"category","embeddable":true,"href":"https:\/\/lozoi.szczecin.pl\/autoinstalator\/wordpressplugins\/index.php\/wp-json\/wp\/v2\/categories?post=918"},{"taxonomy":"post_tag","embeddable":true,"href":"https:\/\/lozoi.szczecin.pl\/autoinstalator\/wordpressplugins\/index.php\/wp-json\/wp\/v2\/tags?post=918"}],"curies":[{"name":"wp","href":"https:\/\/api.w.org\/{rel}","templated":true}]}}