{"id":911,"date":"2025-06-30T17:14:26","date_gmt":"2025-06-30T15:14:26","guid":{"rendered":"https:\/\/lozoi.szczecin.pl\/autoinstalator\/wordpressplugins\/?page_id=911"},"modified":"2025-06-30T17:14:26","modified_gmt":"2025-06-30T15:14:26","slug":"klauzula-informacyjna-dla-osob-znajdujacych-sie-w-zasiegu-monitoringu","status":"publish","type":"page","link":"https:\/\/lozoi.szczecin.pl\/autoinstalator\/wordpressplugins\/index.php\/klauzula-informacyjna-dla-osob-znajdujacych-sie-w-zasiegu-monitoringu\/","title":{"rendered":"Klauzula informacyjna dla os\u00f3b znajduj\u0105cych si\u0119 w zasi\u0119gu monitoringu"},"content":{"rendered":"\n<p>OBIEKT MONITOROWANY<br>1. Administratorem Pa\u0144stwa danych osobowych jest Liceum Og\u00f3lnokszta\u0142c\u0105ce z Oddzia\u0142ami Integracyjnymi w Szczecinie. Z Administratorem mo\u017cna skontaktowa\u0107 si\u0119 listownie:<br>al. Wojska Polskiego 119, 70-490 Szczecin; e-mailowo:\u00a0<a href=\"mailto:lozoi@miasto.szczecin.pl\">lozoi@miasto.szczecin.pl<\/a>\u00a0oraz telefonicznie: 91 42 38 677.<br>2. Z Inspektorem Ochrony Danych oraz jego zast\u0119pc\u0105 mo\u017cna si\u0119 skontaktowa\u0107 e-mailowo:\u00a0<a href=\"mailto:iod@malujda.pl\">iod@malujda.pl<\/a>\u00a0oraz telefonicznie: +48 918522093.<br>3. Dane osobowe s\u0105 przetwarzane w celu prowadzenia dzia\u0142a\u0144 w zakresie zachowania bezpiecze\u0144stwa i porz\u0105dku w plac\u00f3wce, na podstawie art. 6 ust. 1 lit. e RODO oraz art. 108a ustawy z dnia 14 grudnia 2016 r. &#8211; Prawo o\u015bwiatowe w zw. z art. 68 ust. 1 pkt 6.<br>4. Odbiorcami danych s\u0105 upowa\u017cnieni pracownicy Administratora, podmioty, kt\u00f3rym nale\u017cy udost\u0119pni\u0107 dane osobowe w celu wykonania obowi\u0105zku prawnego, a tak\u017ce podmioty, kt\u00f3rym dane zostan\u0105 powierzone do zrealizowania cel\u00f3w przetwarzania.<br>5. Dane osobowe pozyskane w drodze monitoringu b\u0119d\u0105 przechowywane do 3 miesi\u0119cy od dnia nagrania.<br>6. Maj\u0105 Pa\u0144stwo prawo \u017c\u0105dania od Administratora dost\u0119pu do swoich danych osobowych, ich sprostowania (ograniczony zakres), ich usuni\u0119cia lub ograniczenia przetwarzania, a tak\u017ce prawo do wniesienia sprzeciwu wobec przetwarzania danych.<br>7. Maj\u0105 Pa\u0144stwo prawo wnie\u015b\u0107 skarg\u0119 do organu nadzorczego, kt\u00f3rym jest Prezes Urz\u0119du Ochrony Danych Osobowych, je\u015bli uznaj\u0105 Pa\u0144stwo, i\u017c przetwarzanie przez Administratora Pa\u0144stwa danych osobowych narusza przepisy dot. ochrony danych osobowych.<br>8. Podanie danych osobowych jest obowi\u0105zkowe. Niepodanie danych skutkuje odmow\u0105 wst\u0119pu na teren plac\u00f3wki.<\/p>\n","protected":false},"excerpt":{"rendered":"<p>OBIEKT MONITOROWANY1. Administratorem Pa\u0144stwa danych osobowych jest Liceum Og\u00f3lnokszta\u0142c\u0105ce z Oddzia\u0142ami Integracyjnymi w Szczecinie. Z Administratorem mo\u017cna skontaktowa\u0107 si\u0119 listownie:al. Wojska Polskiego 119, 70-490 Szczecin; e-mailowo:\u00a0lozoi@miasto.szczecin.pl\u00a0oraz telefonicznie: 91 42 38 677.2. Z Inspektorem Ochrony Danych oraz jego zast\u0119pc\u0105 mo\u017cna si\u0119 skontaktowa\u0107 e-mailowo:\u00a0iod@malujda.pl\u00a0oraz telefonicznie: +48 918522093.3. Dane osobowe s\u0105 przetwarzane w celu prowadzenia dzia\u0142a\u0144 w zakresie [&hellip;]<\/p>\n","protected":false},"author":2,"featured_media":0,"parent":0,"menu_order":0,"comment_status":"closed","ping_status":"closed","template":"","meta":{"footnotes":""},"categories":[],"tags":[],"class_list":["post-911","page","type-page","status-publish","hentry"],"_links":{"self":[{"href":"https:\/\/lozoi.szczecin.pl\/autoinstalator\/wordpressplugins\/index.php\/wp-json\/wp\/v2\/pages\/911","targetHints":{"allow":["GET"]}}],"collection":[{"href":"https:\/\/lozoi.szczecin.pl\/autoinstalator\/wordpressplugins\/index.php\/wp-json\/wp\/v2\/pages"}],"about":[{"href":"https:\/\/lozoi.szczecin.pl\/autoinstalator\/wordpressplugins\/index.php\/wp-json\/wp\/v2\/types\/page"}],"author":[{"embeddable":true,"href":"https:\/\/lozoi.szczecin.pl\/autoinstalator\/wordpressplugins\/index.php\/wp-json\/wp\/v2\/users\/2"}],"replies":[{"embeddable":true,"href":"https:\/\/lozoi.szczecin.pl\/autoinstalator\/wordpressplugins\/index.php\/wp-json\/wp\/v2\/comments?post=911"}],"version-history":[{"count":1,"href":"https:\/\/lozoi.szczecin.pl\/autoinstalator\/wordpressplugins\/index.php\/wp-json\/wp\/v2\/pages\/911\/revisions"}],"predecessor-version":[{"id":912,"href":"https:\/\/lozoi.szczecin.pl\/autoinstalator\/wordpressplugins\/index.php\/wp-json\/wp\/v2\/pages\/911\/revisions\/912"}],"wp:attachment":[{"href":"https:\/\/lozoi.szczecin.pl\/autoinstalator\/wordpressplugins\/index.php\/wp-json\/wp\/v2\/media?parent=911"}],"wp:term":[{"taxonomy":"category","embeddable":true,"href":"https:\/\/lozoi.szczecin.pl\/autoinstalator\/wordpressplugins\/index.php\/wp-json\/wp\/v2\/categories?post=911"},{"taxonomy":"post_tag","embeddable":true,"href":"https:\/\/lozoi.szczecin.pl\/autoinstalator\/wordpressplugins\/index.php\/wp-json\/wp\/v2\/tags?post=911"}],"curies":[{"name":"wp","href":"https:\/\/api.w.org\/{rel}","templated":true}]}}