{"id":902,"date":"2025-06-30T17:09:39","date_gmt":"2025-06-30T15:09:39","guid":{"rendered":"https:\/\/lozoi.szczecin.pl\/autoinstalator\/wordpressplugins\/?page_id=902"},"modified":"2025-06-30T17:09:39","modified_gmt":"2025-06-30T15:09:39","slug":"zdalne-nauczanie-suplement","status":"publish","type":"page","link":"https:\/\/lozoi.szczecin.pl\/autoinstalator\/wordpressplugins\/index.php\/zdalne-nauczanie-suplement\/","title":{"rendered":"Zdalne nauczanie &#8211; suplement"},"content":{"rendered":"\n<p>Nasza plac\u00f3wka przy realizacji procesu zdalnego nauczania mo\u017ce korzysta\u0107 z nast\u0119puj\u0105cych<br>rozwi\u0105za\u0144:<br>1) Google Workspace \/ Google Classroom;<br>2) Microsoft 365 \/ MS Teams;<br>3) Inne platformy.<br>Informujemy, \u017ce:<br>1.Celem przetwarzania danych w ww. serwisach jest realizacja obowi\u0105zk\u00f3w wynikaj\u0105cych<br>z wydanego na podstawie art. 30c ustawy z dnia 14 grudnia 2016 r. -Prawo o\u015bwiatowe (t.j.<br>Dz. U. z 2020 r. poz. 910), Rozporz\u0105dzenia Ministra Edukacji Narodowej z dnia 20 marca<br>2020 r. w sprawie szczeg\u00f3lnych rozwi\u0105za\u0144 w okresie czasowego ograniczenia<br>funkcjonowania jednostek systemu o\u015bwiaty w zwi\u0105zku z zapobieganiem, przeciwdzia\u0142aniem<br>i zwalczaniem COVID-19 (t.j. Dz. U. z 2020 r. poz. 493), tj. realizacja podstawy<br>programowej kszta\u0142cenia w formie zdalnego nauczania za pomoc\u0105 ww. platform.<br>2.Podstaw\u0105 prawn\u0105 jest art. 6 ust. 1 lit. c RODO w zwi\u0105zku z przepisami rozporz\u0105dzenia<br>Ministra Edukacji Narodowej z dnia 20 marca 2020 r. w sprawie szczeg\u00f3lnych rozwi\u0105za\u0144<br>w okresie czasowego ograniczenia funkcjonowania jednostek systemu o\u015bwiaty w zwi\u0105zku<br>z zapobieganiem, przeciwdzia\u0142aniem i zwalczaniem COVID-19 (t.j. Dz. U. z 2020 r. poz.<br>493).<br>3.Dane mog\u0105 by\u0107 przekazywane do Stan\u00f3w Zjednoczonych oraz przechowywane<br>i przetwarzane w Stanach Zjednoczonych lub w dowolnym innym kraju, w kt\u00f3rym Google,<br>Microsoft a tak\u017ce inni dostawcy platform wykorzystywanych do zdalnego nauczania lub<br>Podmioty Podprzetwarzaj\u0105ce Google, Microsoft lub innych dostawc\u00f3w platform<br>wykorzystywanych do zdalnego nauczania, prowadz\u0105 dzia\u0142alno\u015b\u0107. Wszystkie przypadki<br>przekazywania danych poza Uni\u0119 Europejsk\u0105, Europejski Obszar Gospodarczy i Szwajcari\u0119<br>przez:<br>a)Google b\u0119d\u0105 podlega\u0107 Standardowym Klauzulom Umownym zgodnym z wzorcami<br>zatwierdzonymi przez Komisj\u0119 Europejsk\u0105, dost\u0119pnymi pod adresem:<br>https:\/\/liblink.pl\/mn4er5UgaB<br>b)Microsoft b\u0119d\u0105 podlega\u0107 Standardowym Klauzulom Umownym zgodnym z wzorcami<br>zatwierdzonymi przez Komisj\u0119 Europejsk\u0105, dost\u0119pnymi pod adresem:<br>https:\/\/liblink.pl\/jW0EGB9gfw w cz\u0119\u015bci Online Services Data Protection Addendum (DPA).<br>4.Odbiorcami danych s\u0105 podmioty, kt\u00f3rym dane osobowe zostan\u0105 powierzone do<br>zrealizowania ww. celu ich przetwarzania, w tym Google, Microsoft oraz inni dostawcy<br>platform wykorzystywanych do zdalnego nauczania. Wszelkie pozosta\u0142e informacje dot.<br>przetwarzania danych osobowych znajduj\u0105 si\u0119 w og\u00f3lnej klauzuli informacyjnej dla uczni\u00f3w<br>i rodzic\u00f3w po przyj\u0119ciu oraz dla pracownik\u00f3w.<\/p>\n\n\n\n<p><\/p>\n","protected":false},"excerpt":{"rendered":"<p>Nasza plac\u00f3wka przy realizacji procesu zdalnego nauczania mo\u017ce korzysta\u0107 z nast\u0119puj\u0105cychrozwi\u0105za\u0144:1) Google Workspace \/ Google Classroom;2) Microsoft 365 \/ MS Teams;3) Inne platformy.Informujemy, \u017ce:1.Celem przetwarzania danych w ww. serwisach jest realizacja obowi\u0105zk\u00f3w wynikaj\u0105cychz wydanego na podstawie art. 30c ustawy z dnia 14 grudnia 2016 r. -Prawo o\u015bwiatowe (t.j.Dz. U. z 2020 r. poz. 910), Rozporz\u0105dzenia [&hellip;]<\/p>\n","protected":false},"author":2,"featured_media":0,"parent":0,"menu_order":0,"comment_status":"closed","ping_status":"closed","template":"","meta":{"footnotes":""},"categories":[],"tags":[],"class_list":["post-902","page","type-page","status-publish","hentry"],"_links":{"self":[{"href":"https:\/\/lozoi.szczecin.pl\/autoinstalator\/wordpressplugins\/index.php\/wp-json\/wp\/v2\/pages\/902","targetHints":{"allow":["GET"]}}],"collection":[{"href":"https:\/\/lozoi.szczecin.pl\/autoinstalator\/wordpressplugins\/index.php\/wp-json\/wp\/v2\/pages"}],"about":[{"href":"https:\/\/lozoi.szczecin.pl\/autoinstalator\/wordpressplugins\/index.php\/wp-json\/wp\/v2\/types\/page"}],"author":[{"embeddable":true,"href":"https:\/\/lozoi.szczecin.pl\/autoinstalator\/wordpressplugins\/index.php\/wp-json\/wp\/v2\/users\/2"}],"replies":[{"embeddable":true,"href":"https:\/\/lozoi.szczecin.pl\/autoinstalator\/wordpressplugins\/index.php\/wp-json\/wp\/v2\/comments?post=902"}],"version-history":[{"count":1,"href":"https:\/\/lozoi.szczecin.pl\/autoinstalator\/wordpressplugins\/index.php\/wp-json\/wp\/v2\/pages\/902\/revisions"}],"predecessor-version":[{"id":903,"href":"https:\/\/lozoi.szczecin.pl\/autoinstalator\/wordpressplugins\/index.php\/wp-json\/wp\/v2\/pages\/902\/revisions\/903"}],"wp:attachment":[{"href":"https:\/\/lozoi.szczecin.pl\/autoinstalator\/wordpressplugins\/index.php\/wp-json\/wp\/v2\/media?parent=902"}],"wp:term":[{"taxonomy":"category","embeddable":true,"href":"https:\/\/lozoi.szczecin.pl\/autoinstalator\/wordpressplugins\/index.php\/wp-json\/wp\/v2\/categories?post=902"},{"taxonomy":"post_tag","embeddable":true,"href":"https:\/\/lozoi.szczecin.pl\/autoinstalator\/wordpressplugins\/index.php\/wp-json\/wp\/v2\/tags?post=902"}],"curies":[{"name":"wp","href":"https:\/\/api.w.org\/{rel}","templated":true}]}}