{"id":898,"date":"2025-06-30T17:05:52","date_gmt":"2025-06-30T15:05:52","guid":{"rendered":"https:\/\/lozoi.szczecin.pl\/autoinstalator\/wordpressplugins\/?page_id=898"},"modified":"2025-06-30T17:05:53","modified_gmt":"2025-06-30T15:05:53","slug":"klauzula-informacyjna-dla-kontrahentow","status":"publish","type":"page","link":"https:\/\/lozoi.szczecin.pl\/autoinstalator\/wordpressplugins\/index.php\/klauzula-informacyjna-dla-kontrahentow\/","title":{"rendered":"Klauzula informacyjna dla kontrahent\u00f3w"},"content":{"rendered":"\n<p>1. Administratorem Pa\u0144stwa danych osobowych jest Liceum Og\u00f3lnokszta\u0142c\u0105ce z Oddzia\u0142ami Integracyjnymi w Szczecinie. Z Administratorem mo\u017cna skontaktowa\u0107 si\u0119 listownie: Wojska Polskiego 119, e-mailowo:\u00a0<a href=\"mailto:lozoi@miasto.szczecin.pl\">lozoi@miasto.szczecin.pl<\/a>\u00a0oraz telefonicznie: 91 42 38 677<br>2. Z Inspektorem Ochrony Danych oraz jego zast\u0119pc\u0105 mo\u017cna si\u0119 skontaktowa\u0107 e-mailowo:\u00a0<a href=\"mailto:iod@malujda.pl\">iod@malujda.pl<\/a>\u00a0oraz telefonicznie: +48 918522093<br>3. Dane osobowe s\u0105 przetwarzane na podstawie:<br>1) art. 6 ust. 1 lit. b RODO w celu zawarcia i realizacji um\u00f3w;<br>2) art. 6 ust. 1 lit. c RODO w celu wykonania obowi\u0105zku prawnego wynikaj\u0105cego z ustawy z dnia 11 wrze\u015bnia 2019 r. Prawo zam\u00f3wie\u0144 publicznych, ustawy z dnia 21 sierpnia 1997 r. o gospodarce nieruchomo\u015bciami, zarz\u0105dzenia nr 657\/20 Prezydenta Miasta Szczecin z dnia 28 grudnia 2020 r. w sprawie zasad wykonywania w Urz\u0119dzie Miasta Szczecin i jednostkach organizacyjnych Gminy Miasto Szczecin ustawy Prawo zam\u00f3wie\u0144 publicznych oraz Regulaminu Pracy Komisji Przetargowej Urz\u0119du Miasta Szczecin.<br>4. Odbiorcami danych s\u0105 upowa\u017cnieni pracownicy Administratora, podmioty, kt\u00f3rym nale\u017cy udost\u0119pni\u0107 dane osobowe w celu wykonania obowi\u0105zku prawnego, a tak\u017ce podmioty, kt\u00f3rym dane zostan\u0105 powierzone do zrealizowania cel\u00f3w przetwarzania.<br>5. Pa\u0144stwa dane osobowe b\u0119d\u0105 przechowywane przez okres obowi\u0105zywania umowy lub do czasu wyga\u015bni\u0119cia wzajemnych roszcze\u0144 wynikaj\u0105cych z zawartej umowy.<br>6. Posiadaj\u0105 Pa\u0144stwo prawo do: \u017c\u0105dania od administratora dost\u0119pu do danych osobowych, prawo do ich sprostowania, usuni\u0119cia lub ograniczenia przetwarzania.<br>7. Przys\u0142uguje Pa\u0144stwu prawo wniesienia skargi do organu nadzorczego, tj. Prezesa Urz\u0119du Ochrony Danych Osobowych, je\u015bli uznaj\u0105 Pa\u0144stwo, i\u017c przetwarzanie przez Administratora Pa\u0144stwa danych osobowych narusza przepisy dot. ochrony danych osobowych.<br>8. Podanie danych osobowych jest przez Pa\u0144stwa dobrowolne, ale konieczne do zawarcia i realizacji umowy. Odmowa podania danych mo\u017ce skutkowa\u0107 niemo\u017cliwo\u015bci\u0105 zawarcia i realizacji umowy.<\/p>\n","protected":false},"excerpt":{"rendered":"<p>1. Administratorem Pa\u0144stwa danych osobowych jest Liceum Og\u00f3lnokszta\u0142c\u0105ce z Oddzia\u0142ami Integracyjnymi w Szczecinie. Z Administratorem mo\u017cna skontaktowa\u0107 si\u0119 listownie: Wojska Polskiego 119, e-mailowo:\u00a0lozoi@miasto.szczecin.pl\u00a0oraz telefonicznie: 91 42 38 6772. Z Inspektorem Ochrony Danych oraz jego zast\u0119pc\u0105 mo\u017cna si\u0119 skontaktowa\u0107 e-mailowo:\u00a0iod@malujda.pl\u00a0oraz telefonicznie: +48 9185220933. Dane osobowe s\u0105 przetwarzane na podstawie:1) art. 6 ust. 1 lit. b RODO [&hellip;]<\/p>\n","protected":false},"author":2,"featured_media":0,"parent":0,"menu_order":0,"comment_status":"closed","ping_status":"closed","template":"","meta":{"footnotes":""},"categories":[],"tags":[],"class_list":["post-898","page","type-page","status-publish","hentry"],"_links":{"self":[{"href":"https:\/\/lozoi.szczecin.pl\/autoinstalator\/wordpressplugins\/index.php\/wp-json\/wp\/v2\/pages\/898","targetHints":{"allow":["GET"]}}],"collection":[{"href":"https:\/\/lozoi.szczecin.pl\/autoinstalator\/wordpressplugins\/index.php\/wp-json\/wp\/v2\/pages"}],"about":[{"href":"https:\/\/lozoi.szczecin.pl\/autoinstalator\/wordpressplugins\/index.php\/wp-json\/wp\/v2\/types\/page"}],"author":[{"embeddable":true,"href":"https:\/\/lozoi.szczecin.pl\/autoinstalator\/wordpressplugins\/index.php\/wp-json\/wp\/v2\/users\/2"}],"replies":[{"embeddable":true,"href":"https:\/\/lozoi.szczecin.pl\/autoinstalator\/wordpressplugins\/index.php\/wp-json\/wp\/v2\/comments?post=898"}],"version-history":[{"count":1,"href":"https:\/\/lozoi.szczecin.pl\/autoinstalator\/wordpressplugins\/index.php\/wp-json\/wp\/v2\/pages\/898\/revisions"}],"predecessor-version":[{"id":899,"href":"https:\/\/lozoi.szczecin.pl\/autoinstalator\/wordpressplugins\/index.php\/wp-json\/wp\/v2\/pages\/898\/revisions\/899"}],"wp:attachment":[{"href":"https:\/\/lozoi.szczecin.pl\/autoinstalator\/wordpressplugins\/index.php\/wp-json\/wp\/v2\/media?parent=898"}],"wp:term":[{"taxonomy":"category","embeddable":true,"href":"https:\/\/lozoi.szczecin.pl\/autoinstalator\/wordpressplugins\/index.php\/wp-json\/wp\/v2\/categories?post=898"},{"taxonomy":"post_tag","embeddable":true,"href":"https:\/\/lozoi.szczecin.pl\/autoinstalator\/wordpressplugins\/index.php\/wp-json\/wp\/v2\/tags?post=898"}],"curies":[{"name":"wp","href":"https:\/\/api.w.org\/{rel}","templated":true}]}}