{"id":885,"date":"2025-06-30T16:58:35","date_gmt":"2025-06-30T14:58:35","guid":{"rendered":"https:\/\/lozoi.szczecin.pl\/autoinstalator\/wordpressplugins\/?page_id=885"},"modified":"2025-06-30T16:59:15","modified_gmt":"2025-06-30T14:59:15","slug":"klauzula-informacyjna-dla-uczniow-i-rodzicow-proces-rekrutacji","status":"publish","type":"page","link":"https:\/\/lozoi.szczecin.pl\/autoinstalator\/wordpressplugins\/index.php\/klauzula-informacyjna-dla-uczniow-i-rodzicow-proces-rekrutacji\/","title":{"rendered":"Klauzula informacyjna dla uczni\u00f3w i rodzic\u00f3w \u2013 proces rekrutacji"},"content":{"rendered":"\t\t<div data-elementor-type=\"wp-page\" data-elementor-id=\"885\" class=\"elementor elementor-885\">\n\t\t\t\t<div class=\"elementor-element elementor-element-ec55eb6 e-flex e-con-boxed e-con e-parent\" data-id=\"ec55eb6\" data-element_type=\"container\" data-e-type=\"container\">\n\t\t\t\t\t<div class=\"e-con-inner\">\n\t\t\t\t<div class=\"elementor-element elementor-element-6efa17f5 elementor-widget elementor-widget-text-editor\" data-id=\"6efa17f5\" data-element_type=\"widget\" data-e-type=\"widget\" data-widget_type=\"text-editor.default\">\n\t\t\t\t\t\t\t\t\t\n<p>1. Administratorem danych osobowych uczni\u00f3w i rodzic\u00f3w\/opiekun\u00f3w prawnych jest Liceum Og\u00f3lnokszta\u0142c\u0105ce z Oddzia\u0142ami Integracyjnymi w Szczecinie. Z Administratorem mo\u017cna skontaktowa\u0107 si\u0119 listownie: Wojska Polskiego 119, e-mailowo:\u00a0<a href=\"mailto:lozoi@miasto.szczecin.pl\">lozoi@miasto.szczecin.pl<\/a>\u00a0oraz telefonicznie: 91 42 38 677<br>2. Z Inspektorem Ochrony Danych oraz jego zast\u0119pc\u0105 mo\u017cna si\u0119 skontaktowa\u0107 e-mailowo:\u00a0<a href=\"mailto:iod@malujda.pl\">iod@malujda.pl<\/a>\u00a0oraz telefonicznie: +48 918522093<br>3. Dane osobowe s\u0105 przetwarzane w celu przeprowadzenia rekrutacji do Liceum Og\u00f3lnokszta\u0142c\u0105cego z Oddzia\u0142ami Integracyjnymi w Szczecinie na podstawie art. 6 ust. 1 lit. c i art. 9 ust. 2 lit. h RODO, tj. w celu wykonania obowi\u0105zku prawnego na\u0142o\u017conego art. 13\/14 oraz art. 130 i nast. ustawy z dnia 14 grudnia 2016 r. Prawo o\u015bwiatowe (Dz.U. z 2017 r., poz., 59 ze zm.).<br>4. Odbiorcami danych osobowych s\u0105 upowa\u017cnieni pracownicy Administratora, podmioty, kt\u00f3rym nale\u017cy udost\u0119pni\u0107 dane osobowe na podstawie przepis\u00f3w prawa, a tak\u017ce te, kt\u00f3rym dane zostan\u0105 powierzone do zrealizowania cel\u00f3w przetwarzania.<br>5. Dane osobowe pozyskane w procesie rekrutacji b\u0119d\u0105 przechowywane nie d\u0142u\u017cej ni\u017c do ko\u0144ca okresu, w kt\u00f3rym ucze\u0144 b\u0119dzie ucz\u0119szcza\u0142 b\u0119dzie do plac\u00f3wki, a w przypadku nieprzyj\u0119cia do plac\u00f3wki \u2013 przez okres jednego roku.<br>6. Maj\u0105 Pa\u0144stwo prawo \u017c\u0105dania od Administratora dost\u0119pu do swoich danych osobowych, ich sprostowania oraz usuni\u0119cia lub ograniczenia przetwarzania, a tak\u017ce prawo do przenoszenia danych.<br>7. Maj\u0105 Pa\u0144stwo prawo wnie\u015b\u0107 skarg\u0119 do organu nadzorczego, kt\u00f3rym jest Prezes Urz\u0119du Ochrony Danych Osobowych, je\u015bli uznaj\u0105 Pa\u0144stwo, i\u017c przetwarzanie przez Administratora Pa\u0144stwa danych osobowych narusza przepisy dot. ochrony danych osobowych.<br>8. Podanie danych osobowych jest wymogiem ustawowym. W celu uczestniczenia w rekrutacji s\u0105 Pa\u0144stwo zobowi\u0105zani do podania danych. Niepodanie danych skutkuje odmow\u0105 uczestnictwa w rekrutacji.<\/p>\n\t\t\t\t\t\t\t\t<\/div>\n\t\t\t\t\t<\/div>\n\t\t\t\t<\/div>\n\t\t\t\t<\/div>\n\t\t","protected":false},"excerpt":{"rendered":"<p>1. Administratorem danych osobowych uczni\u00f3w i rodzic\u00f3w\/opiekun\u00f3w prawnych jest Liceum Og\u00f3lnokszta\u0142c\u0105ce z Oddzia\u0142ami Integracyjnymi w Szczecinie. Z Administratorem mo\u017cna skontaktowa\u0107 si\u0119 listownie: Wojska Polskiego 119, e-mailowo:\u00a0lozoi@miasto.szczecin.pl\u00a0oraz telefonicznie: 91 42 38 6772. Z Inspektorem Ochrony Danych oraz jego zast\u0119pc\u0105 mo\u017cna si\u0119 skontaktowa\u0107 e-mailowo:\u00a0iod@malujda.pl\u00a0oraz telefonicznie: +48 9185220933. Dane osobowe s\u0105 przetwarzane w celu przeprowadzenia rekrutacji do Liceum [&hellip;]<\/p>\n","protected":false},"author":2,"featured_media":0,"parent":0,"menu_order":0,"comment_status":"closed","ping_status":"closed","template":"","meta":{"footnotes":""},"categories":[],"tags":[],"class_list":["post-885","page","type-page","status-publish","hentry"],"_links":{"self":[{"href":"https:\/\/lozoi.szczecin.pl\/autoinstalator\/wordpressplugins\/index.php\/wp-json\/wp\/v2\/pages\/885","targetHints":{"allow":["GET"]}}],"collection":[{"href":"https:\/\/lozoi.szczecin.pl\/autoinstalator\/wordpressplugins\/index.php\/wp-json\/wp\/v2\/pages"}],"about":[{"href":"https:\/\/lozoi.szczecin.pl\/autoinstalator\/wordpressplugins\/index.php\/wp-json\/wp\/v2\/types\/page"}],"author":[{"embeddable":true,"href":"https:\/\/lozoi.szczecin.pl\/autoinstalator\/wordpressplugins\/index.php\/wp-json\/wp\/v2\/users\/2"}],"replies":[{"embeddable":true,"href":"https:\/\/lozoi.szczecin.pl\/autoinstalator\/wordpressplugins\/index.php\/wp-json\/wp\/v2\/comments?post=885"}],"version-history":[{"count":3,"href":"https:\/\/lozoi.szczecin.pl\/autoinstalator\/wordpressplugins\/index.php\/wp-json\/wp\/v2\/pages\/885\/revisions"}],"predecessor-version":[{"id":888,"href":"https:\/\/lozoi.szczecin.pl\/autoinstalator\/wordpressplugins\/index.php\/wp-json\/wp\/v2\/pages\/885\/revisions\/888"}],"wp:attachment":[{"href":"https:\/\/lozoi.szczecin.pl\/autoinstalator\/wordpressplugins\/index.php\/wp-json\/wp\/v2\/media?parent=885"}],"wp:term":[{"taxonomy":"category","embeddable":true,"href":"https:\/\/lozoi.szczecin.pl\/autoinstalator\/wordpressplugins\/index.php\/wp-json\/wp\/v2\/categories?post=885"},{"taxonomy":"post_tag","embeddable":true,"href":"https:\/\/lozoi.szczecin.pl\/autoinstalator\/wordpressplugins\/index.php\/wp-json\/wp\/v2\/tags?post=885"}],"curies":[{"name":"wp","href":"https:\/\/api.w.org\/{rel}","templated":true}]}}