{"id":878,"date":"2025-06-28T19:48:22","date_gmt":"2025-06-28T17:48:22","guid":{"rendered":"https:\/\/lozoi.szczecin.pl\/autoinstalator\/wordpressplugins\/?page_id=878"},"modified":"2025-06-28T19:48:22","modified_gmt":"2025-06-28T17:48:22","slug":"rodo","status":"publish","type":"page","link":"https:\/\/lozoi.szczecin.pl\/autoinstalator\/wordpressplugins\/index.php\/rodo\/","title":{"rendered":"RODO"},"content":{"rendered":"\n<p><strong>Inspektor Ochrony Danych &#8211; IOD<\/strong><br>w Liceum Og\u00f3lnokszta\u0142c\u0105cym z Oddzia\u0142ami Integracyjnymi w Szczecinie<\/p>\n\n\n\n<p>imi\u0119 i nazwisko &#8211;&nbsp;<strong>Rafa\u0142 Malujda<\/strong><br>telefon &#8211;&nbsp;<strong>91 8522093<\/strong><br>e-mail &#8211;&nbsp;<a href=\"mailto:iod@malujda.pl\">iod@malujda.pl<\/a><a href=\"mailto:iod@malujda.pl\"><\/a><\/p>\n\n\n\n<p><\/p>\n\n\n\n<p><\/p>\n\n\n\n<p><strong>Zast\u0119pca Inspektora Ochrony Danych<\/strong>&nbsp; &nbsp;<\/p>\n\n\n\n<p>imi\u0119 i nazwisko &#8211;\u00a0<strong>Agnieszka Marciniak<\/strong>                                                                                                                          telefon &#8211;\u00a0<strong>91 8522093<\/strong><br>e-mail &#8211;\u00a0<a href=\"mailto:iod@malujda.pl\">iod@malujda.pl<\/a><\/p>\n\n\n\n<p><\/p>\n","protected":false},"excerpt":{"rendered":"<p>Inspektor Ochrony Danych &#8211; IODw Liceum Og\u00f3lnokszta\u0142c\u0105cym z Oddzia\u0142ami Integracyjnymi w Szczecinie imi\u0119 i nazwisko &#8211;&nbsp;Rafa\u0142 Malujdatelefon &#8211;&nbsp;91 8522093e-mail &#8211;&nbsp;iod@malujda.pl Zast\u0119pca Inspektora Ochrony Danych&nbsp; &nbsp; imi\u0119 i nazwisko &#8211;\u00a0Agnieszka Marciniak telefon &#8211;\u00a091 8522093e-mail &#8211;\u00a0iod@malujda.pl<\/p>\n","protected":false},"author":2,"featured_media":0,"parent":0,"menu_order":0,"comment_status":"closed","ping_status":"closed","template":"","meta":{"footnotes":""},"categories":[],"tags":[],"class_list":["post-878","page","type-page","status-publish","hentry"],"_links":{"self":[{"href":"https:\/\/lozoi.szczecin.pl\/autoinstalator\/wordpressplugins\/index.php\/wp-json\/wp\/v2\/pages\/878","targetHints":{"allow":["GET"]}}],"collection":[{"href":"https:\/\/lozoi.szczecin.pl\/autoinstalator\/wordpressplugins\/index.php\/wp-json\/wp\/v2\/pages"}],"about":[{"href":"https:\/\/lozoi.szczecin.pl\/autoinstalator\/wordpressplugins\/index.php\/wp-json\/wp\/v2\/types\/page"}],"author":[{"embeddable":true,"href":"https:\/\/lozoi.szczecin.pl\/autoinstalator\/wordpressplugins\/index.php\/wp-json\/wp\/v2\/users\/2"}],"replies":[{"embeddable":true,"href":"https:\/\/lozoi.szczecin.pl\/autoinstalator\/wordpressplugins\/index.php\/wp-json\/wp\/v2\/comments?post=878"}],"version-history":[{"count":1,"href":"https:\/\/lozoi.szczecin.pl\/autoinstalator\/wordpressplugins\/index.php\/wp-json\/wp\/v2\/pages\/878\/revisions"}],"predecessor-version":[{"id":879,"href":"https:\/\/lozoi.szczecin.pl\/autoinstalator\/wordpressplugins\/index.php\/wp-json\/wp\/v2\/pages\/878\/revisions\/879"}],"wp:attachment":[{"href":"https:\/\/lozoi.szczecin.pl\/autoinstalator\/wordpressplugins\/index.php\/wp-json\/wp\/v2\/media?parent=878"}],"wp:term":[{"taxonomy":"category","embeddable":true,"href":"https:\/\/lozoi.szczecin.pl\/autoinstalator\/wordpressplugins\/index.php\/wp-json\/wp\/v2\/categories?post=878"},{"taxonomy":"post_tag","embeddable":true,"href":"https:\/\/lozoi.szczecin.pl\/autoinstalator\/wordpressplugins\/index.php\/wp-json\/wp\/v2\/tags?post=878"}],"curies":[{"name":"wp","href":"https:\/\/api.w.org\/{rel}","templated":true}]}}