{"id":525,"date":"2024-04-16T10:45:00","date_gmt":"2024-04-16T08:45:00","guid":{"rendered":"https:\/\/lozoi.szczecin.pl\/autoinstalator\/wordpressplugins\/?page_id=525"},"modified":"2025-09-11T09:54:10","modified_gmt":"2025-09-11T07:54:10","slug":"fundusz-rady-rodzicow","status":"publish","type":"page","link":"https:\/\/lozoi.szczecin.pl\/autoinstalator\/wordpressplugins\/index.php\/fundusz-rady-rodzicow\/","title":{"rendered":"Fundusz Rady Rodzic\u00f3w"},"content":{"rendered":"\t\t<div data-elementor-type=\"wp-page\" data-elementor-id=\"525\" class=\"elementor elementor-525\">\n\t\t\t\t<div class=\"elementor-element elementor-element-208e6c53 e-flex e-con-boxed e-con e-parent\" data-id=\"208e6c53\" data-element_type=\"container\" data-e-type=\"container\">\n\t\t\t\t\t<div class=\"e-con-inner\">\n\t\t\t\t<div class=\"elementor-element elementor-element-5e929cb7 elementor-widget elementor-widget-text-editor\" data-id=\"5e929cb7\" data-element_type=\"widget\" data-e-type=\"widget\" data-widget_type=\"text-editor.default\">\n\t\t\t\t\t\t\t\t\t\n<h2 class=\"wp-block-heading\"><span style=\"font-size: 16px;\">W &#8222;LOzOI&#8221; aktywnie dzia\u0142a Rada Rodzic\u00f3w, kt\u00f3ra zgodnie z zapisami w ustawie o systemie o\u015bwiaty, gromadzi \u015brodki finansowe na swoim koncie. Pochodz\u0105 one z dobrowolnych wp\u0142at rodzic\u00f3w uczni\u00f3w. Roczna sk\u0142adka na Rad\u0119 Rodzic\u00f3w wynosi 100 z\u0142otych. Pieni\u0105dze przeznaczane s\u0105 na: zakup pomocy dydaktycznych dla uczni\u00f3w, imprezy szkolne, dofinansowanie konkurs\u00f3w, sesji, k\u00f3\u0142 zainteresowa\u0144, zawod\u00f3w sportowych, dnia integracji, dnia psychologii i pedagogiki, powi\u0119kszanie ksi\u0119gozbioru szkolnej biblioteki, nagrody ksi\u0105\u017ckowe dla uczni\u00f3w, stypendia dla uczni\u00f3w osi\u0105gaj\u0105cych najlepsze wyniki w nauce, pomoc materialn\u0105 dla uczni\u00f3w (w przypadku trudnej sytuacji materialnej w postaci sfinansowania do\u017cywiania, odzie\u017cy, podr\u0119cznik\u00f3w).<\/span><\/h2>\n\n<p><strong>RADA UPRZEJMIE INFORMUJE, I\u017b FUNDUSZ RADY RODZIC\u00d3W\u00a0JEST CA\u0141KOWICIE PRZEZNACZONY NA POTRZEBY PA\u0143STWA DZIECI.<\/strong><\/p>\n\n<p>Wp\u0142aty za\u00a0 Rad\u0119 Rodzic\u00f3w\u00a0 mo\u017cna dokonywa\u0107 na konto:<\/p>\n\n<p>Nr konta:<strong> 20 1240 3927 1111 0011 0984 5396<\/strong><\/p>\n\n<p><strong>WA\u017bNE!<\/strong><br \/>Na dowodzie wp\u0142aty prosz\u0119 poda\u0107:<br \/>\u2022\u00a0\u00a0 \u00a0IMI\u0118,\u00a0\u00a0NAZWISKO<br \/>\u2022\u00a0\u00a0 \u00a0KLAS\u0118, DO KT\u00d3REJ UCZ\u0118SZCZA UCZE\u0143<\/p>\n\n<p><strong>OP\u0141ATY:<\/strong><br \/>\u00a0 \u00a0 \u00a0 \u00a0\u2022\u00a0 \u00a0ROCZNA SK\u0141ADKA NA FUNDUSZ RADA RODZIC\u00d3W &#8211;\u00a0\u00a0100 z\u0142<\/p>\n\n<p>\u00a0\u00a0 \u00a0 \u00a0 \u2022 \u00a0 WP\u0141ATY MO\u017bNA DOKONYWA\u0106 W RATACH<\/p>\n\n<div class=\"wp-block-group is-layout-constrained wp-block-group-is-layout-constrained\">\n<figure class=\"wp-block-pullquote\">\n<blockquote>\n<p><em>Z powa\u017caniem<\/em><br \/><em>Rada Rodzic\u00f3w<\/em><br \/><em>Liceum Og\u00f3lnokszta\u0142c\u0105cego z Oddzia\u0142ami Integracyjnymi<\/em><\/p>\n<\/blockquote>\n<\/figure>\n<\/div>\n\t\t\t\t\t\t\t\t<\/div>\n\t\t\t\t\t<\/div>\n\t\t\t\t<\/div>\n\t\t\t\t<\/div>\n\t\t","protected":false},"excerpt":{"rendered":"<p>W &#8222;LOzOI&#8221; aktywnie dzia\u0142a Rada Rodzic\u00f3w, kt\u00f3ra zgodnie z zapisami w ustawie o systemie o\u015bwiaty, gromadzi \u015brodki finansowe na swoim koncie. Pochodz\u0105 one z dobrowolnych wp\u0142at rodzic\u00f3w uczni\u00f3w. Roczna sk\u0142adka na Rad\u0119 Rodzic\u00f3w wynosi 100 z\u0142otych. Pieni\u0105dze przeznaczane s\u0105 na: zakup pomocy dydaktycznych dla uczni\u00f3w, imprezy szkolne, dofinansowanie konkurs\u00f3w, sesji, k\u00f3\u0142 zainteresowa\u0144, zawod\u00f3w sportowych, dnia [&hellip;]<\/p>\n","protected":false},"author":1,"featured_media":0,"parent":0,"menu_order":0,"comment_status":"closed","ping_status":"closed","template":"","meta":{"footnotes":""},"categories":[],"tags":[],"class_list":["post-525","page","type-page","status-publish","hentry"],"_links":{"self":[{"href":"https:\/\/lozoi.szczecin.pl\/autoinstalator\/wordpressplugins\/index.php\/wp-json\/wp\/v2\/pages\/525","targetHints":{"allow":["GET"]}}],"collection":[{"href":"https:\/\/lozoi.szczecin.pl\/autoinstalator\/wordpressplugins\/index.php\/wp-json\/wp\/v2\/pages"}],"about":[{"href":"https:\/\/lozoi.szczecin.pl\/autoinstalator\/wordpressplugins\/index.php\/wp-json\/wp\/v2\/types\/page"}],"author":[{"embeddable":true,"href":"https:\/\/lozoi.szczecin.pl\/autoinstalator\/wordpressplugins\/index.php\/wp-json\/wp\/v2\/users\/1"}],"replies":[{"embeddable":true,"href":"https:\/\/lozoi.szczecin.pl\/autoinstalator\/wordpressplugins\/index.php\/wp-json\/wp\/v2\/comments?post=525"}],"version-history":[{"count":10,"href":"https:\/\/lozoi.szczecin.pl\/autoinstalator\/wordpressplugins\/index.php\/wp-json\/wp\/v2\/pages\/525\/revisions"}],"predecessor-version":[{"id":1526,"href":"https:\/\/lozoi.szczecin.pl\/autoinstalator\/wordpressplugins\/index.php\/wp-json\/wp\/v2\/pages\/525\/revisions\/1526"}],"wp:attachment":[{"href":"https:\/\/lozoi.szczecin.pl\/autoinstalator\/wordpressplugins\/index.php\/wp-json\/wp\/v2\/media?parent=525"}],"wp:term":[{"taxonomy":"category","embeddable":true,"href":"https:\/\/lozoi.szczecin.pl\/autoinstalator\/wordpressplugins\/index.php\/wp-json\/wp\/v2\/categories?post=525"},{"taxonomy":"post_tag","embeddable":true,"href":"https:\/\/lozoi.szczecin.pl\/autoinstalator\/wordpressplugins\/index.php\/wp-json\/wp\/v2\/tags?post=525"}],"curies":[{"name":"wp","href":"https:\/\/api.w.org\/{rel}","templated":true}]}}