{"id":1860,"date":"2026-02-24T10:56:34","date_gmt":"2026-02-24T09:56:34","guid":{"rendered":"https:\/\/lozoi.szczecin.pl\/autoinstalator\/wordpressplugins\/?page_id=1860"},"modified":"2026-02-24T11:04:17","modified_gmt":"2026-02-24T10:04:17","slug":"bookcrossing-2","status":"publish","type":"page","link":"https:\/\/lozoi.szczecin.pl\/autoinstalator\/wordpressplugins\/index.php\/bookcrossing-2\/","title":{"rendered":"Bookcrossing"},"content":{"rendered":"\t\t<div data-elementor-type=\"wp-page\" data-elementor-id=\"1860\" class=\"elementor elementor-1860\">\n\t\t\t\t<div class=\"elementor-element elementor-element-f9f52cd e-flex e-con-boxed e-con e-parent\" data-id=\"f9f52cd\" data-element_type=\"container\" data-e-type=\"container\">\n\t\t\t\t\t<div class=\"e-con-inner\">\n\t\t\t\t<div class=\"elementor-element elementor-element-33f5ab8 elementor-widget elementor-widget-text-editor\" data-id=\"33f5ab8\" data-element_type=\"widget\" data-e-type=\"widget\" data-widget_type=\"text-editor.default\">\n\t\t\t\t\t\t\t\t\t<p><img fetchpriority=\"high\" decoding=\"async\" class=\"size-medium wp-image-1861 alignleft\" src=\"https:\/\/lozoi.szczecin.pl\/autoinstalator\/wordpressplugins\/wp-content\/uploads\/2026\/02\/bookcrossing-300x212.png\" alt=\"Grafika promuj\u0105ca bookcrossing. U g\u00f3ry znajduje si\u0119 kolorowy napis \u201eBOOKCROSSING\u201d, pod nim zielony tekst \u201eczyli\u201d, a dalej czerwony napis \u201eUwolnij ksi\u0105\u017ck\u0119!\u201d. Ni\u017cej widnieje has\u0142o \u201eWe\u017a, przeczytaj, podaj dalej\u201d w niebieskim kolorze. Centraln\u0105 cz\u0119\u015b\u0107 zajmuje ilustracja p\u00f3\u0142ki z ksi\u0105\u017ckami w r\u00f3\u017cnych kolorach, z kt\u00f3rej widoczna d\u0142o\u0144 si\u0119ga po jedn\u0105 z ksi\u0105\u017cek. Na dole znajduj\u0105 si\u0119 ma\u0142e, \u017c\u00f3\u0142te, rysunkowe ksi\u0105\u017ceczki z u\u015bmiechni\u0119tymi bu\u017akami, wygl\u0105daj\u0105ce jak maszeruj\u0105ce.\" width=\"300\" height=\"212\" srcset=\"https:\/\/lozoi.szczecin.pl\/autoinstalator\/wordpressplugins\/wp-content\/uploads\/2026\/02\/bookcrossing-300x212.png 300w, https:\/\/lozoi.szczecin.pl\/autoinstalator\/wordpressplugins\/wp-content\/uploads\/2026\/02\/bookcrossing-1024x724.png 1024w, https:\/\/lozoi.szczecin.pl\/autoinstalator\/wordpressplugins\/wp-content\/uploads\/2026\/02\/bookcrossing-768x543.png 768w, https:\/\/lozoi.szczecin.pl\/autoinstalator\/wordpressplugins\/wp-content\/uploads\/2026\/02\/bookcrossing-1536x1086.png 1536w, https:\/\/lozoi.szczecin.pl\/autoinstalator\/wordpressplugins\/wp-content\/uploads\/2026\/02\/bookcrossing.png 2000w\" sizes=\"(max-width: 300px) 100vw, 300px\" \/><\/p><p><span style=\"color: #ff0000;\"><strong>BOOKCROSSING<\/strong><\/span><strong><span style=\"color: #ff0000;\">\u00a0<\/span>\u2013 <span style=\"color: #339966;\">I\u00a0Ty mo\u017cesz uwalnia\u0107 ksi\u0105\u017cki!<\/span><\/strong><\/p><p><strong>\u00a0<\/strong>Zapraszamy serdecznie do udzia\u0142u w\u00a0akcji, kt\u00f3ra jest niekonwencjonaln\u0105 form\u0105 popularyzacji ksi\u0105\u017cek i\u00a0czytelnictwa.<\/p><p>Wielu z\u00a0nas posiada w\u00a0domu ksi\u0105\u017cki, kt\u00f3re od d\u0142u\u017cszego czasu stoj\u0105 na p\u00f3\u0142ce zakurzone i\u00a0zapomniane. Zamiast trzyma\u0107 je w\u00a0k\u0105cie w\u0142asnego pokoju, lepiej podzieli\u0107 si\u0119 nimi z\u00a0innymi, kt\u00f3rzy ch\u0119tnie <br \/>je przeczytaj\u0105.<\/p><p><span style=\"color: #339966;\"><strong>Pami\u0119tajmy, \u017ce ksi\u0105\u017cka \u017cyje tylko wtedy, kiedy jest czytana!<\/strong><\/span><\/p><p><span style=\"color: #339966;\"><strong>Czym jest Bookcrossing?<\/strong><\/span><\/p><p>Bookcrossing to \u00a0nowoczesna i\u00a0oryginalna forma upowszechniania czytelnictwa. Dzia\u0142a na ca\u0142ym \u015bwiecie i\u00a0staje si\u0119 coraz popularniejsza w\u00a0Polsce.<\/p><p>M\u00f3wi\u0105c w\u00a0najwi\u0119kszym skr\u00f3cie \u2013 Bookcrossing &#8211;\u00a0 polega <br \/>na zostawianiu przeczytanych ksi\u0105\u017cek w\u00a0miejscach publicznych\u00a0 (park, poci\u0105g, autobus, ulubiony pub, teatr, uczelnia itp.), jak r\u00f3wnie\u017c w\u00a0miejscach w \u00a0tym celu przygotowanych tzw. p\u00f3\u0142kach bookcrossingowych\u00a0 (stoliki, rega\u0142y, p\u00f3\u0142ki),\u00a0 po to, by znalazca m\u00f3g\u0142 je przeczyta\u0107 i\u00a0przekaza\u0107 dalej.<\/p><p><span style=\"color: #339966;\"><strong>Troch\u0119 historii\u2026<\/strong><\/span><\/p><p>Brookcrossing jest ide\u0105 znan\u0105 ju\u017c w\u00a0latach 80., kt\u00f3r\u0105 tak naprawd\u0119 rozpowszechni\u0142 w\u00a02001 roku ameryka\u0144ski programista Ron Hornbaker. Sw\u00f3j pomys\u0142 nazwa\u0142 bookcrossingiem (po polsku wymiana ksi\u0105\u017cek, ksi\u0105\u017cko-kr\u0105\u017cenie, ksi\u0105\u017cka w\u00a0podr\u00f3\u017cy) i\u00a0stworzy\u0142 stron\u0119 internetow\u0105 zrzeszaj\u0105c\u0105 bookcrosser\u00f3w. Szacuje si\u0119, \u017ce od rozpocz\u0119cia akcji, to jest od roku 2001, zosta\u0142o \u201euwolnionych\u201d ponad 5,5 miliona ksi\u0105\u017cek w\u00a0ponad 130 krajach na ca\u0142ym \u015bwiecie, <br \/>a\u00a0w akcj\u0119 zaanga\u017cowanych jest oko\u0142o 800 tysi\u0119cy ludzi.<\/p><hr \/><h3 style=\"text-align: center;\"><span style=\"color: #ff0000;\"><strong>REGULAMIN AKCJI<\/strong><\/span><\/h3><p style=\"text-align: center;\"><span style=\"color: #ff0000;\"><strong>\u201eUwolnij ksi\u0105\u017ck\u0119\u201d<\/strong><\/span><\/p><p style=\"text-align: center;\"><span style=\"color: #ff0000;\"><strong>\u00a0<\/strong><\/span><span style=\"color: #ff0000;\"><strong>w LOZOI-u<\/strong><\/span><\/p><p>\u00a0<\/p><ol><li>W\u00a0akcji mo\u017ce wzi\u0105\u0107 udzia\u0142 ka\u017cdy.<\/li><li>Ucze\u0144 mo\u017ce odda\u0107 swoj\u0105 ksi\u0105\u017ck\u0119 tylko za zgod\u0105 rodzic\u00f3w.<\/li><li>Przyjmowane ksi\u0105\u017cki musz\u0105 by\u0107 godne polecenia, w\u00a0dobrym stanie.<\/li><\/ol><p><em>Ze wzgl\u0119du na og\u00f3ln\u0105 dost\u0119pno\u015b\u0107 nie mog\u0105 one zawiera\u0107 tre\u015bci powszechnie uwa\u017canych za niew\u0142a\u015bciwe.<\/em><\/p><ol start=\"4\"><li>Miejscem przyjmowania ksi\u0105\u017cek jest biblioteka.<\/li><li>Z ksi\u0105\u017cek znajduj\u0105cych si\u0119 na p\u00f3\u0142ce mo\u017cna korzysta\u0107 przez ca\u0142y rok szkolny.<\/li><\/ol><hr \/><p>\u00a0<\/p>\t\t\t\t\t\t\t\t<\/div>\n\t\t\t\t\t<\/div>\n\t\t\t\t<\/div>\n\t\t\t\t<\/div>\n\t\t","protected":false},"excerpt":{"rendered":"<p>BOOKCROSSING\u00a0\u2013 I\u00a0Ty mo\u017cesz uwalnia\u0107 ksi\u0105\u017cki! \u00a0Zapraszamy serdecznie do udzia\u0142u w\u00a0akcji, kt\u00f3ra jest niekonwencjonaln\u0105 form\u0105 popularyzacji ksi\u0105\u017cek i\u00a0czytelnictwa. Wielu z\u00a0nas posiada w\u00a0domu ksi\u0105\u017cki, kt\u00f3re od d\u0142u\u017cszego czasu stoj\u0105 na p\u00f3\u0142ce zakurzone i\u00a0zapomniane. Zamiast trzyma\u0107 je w\u00a0k\u0105cie w\u0142asnego pokoju, lepiej podzieli\u0107 si\u0119 nimi z\u00a0innymi, kt\u00f3rzy ch\u0119tnie je przeczytaj\u0105. Pami\u0119tajmy, \u017ce ksi\u0105\u017cka \u017cyje tylko wtedy, kiedy jest czytana! [&hellip;]<\/p>\n","protected":false},"author":2,"featured_media":0,"parent":0,"menu_order":0,"comment_status":"closed","ping_status":"closed","template":"","meta":{"footnotes":""},"categories":[],"tags":[],"class_list":["post-1860","page","type-page","status-publish","hentry"],"_links":{"self":[{"href":"https:\/\/lozoi.szczecin.pl\/autoinstalator\/wordpressplugins\/index.php\/wp-json\/wp\/v2\/pages\/1860","targetHints":{"allow":["GET"]}}],"collection":[{"href":"https:\/\/lozoi.szczecin.pl\/autoinstalator\/wordpressplugins\/index.php\/wp-json\/wp\/v2\/pages"}],"about":[{"href":"https:\/\/lozoi.szczecin.pl\/autoinstalator\/wordpressplugins\/index.php\/wp-json\/wp\/v2\/types\/page"}],"author":[{"embeddable":true,"href":"https:\/\/lozoi.szczecin.pl\/autoinstalator\/wordpressplugins\/index.php\/wp-json\/wp\/v2\/users\/2"}],"replies":[{"embeddable":true,"href":"https:\/\/lozoi.szczecin.pl\/autoinstalator\/wordpressplugins\/index.php\/wp-json\/wp\/v2\/comments?post=1860"}],"version-history":[{"count":9,"href":"https:\/\/lozoi.szczecin.pl\/autoinstalator\/wordpressplugins\/index.php\/wp-json\/wp\/v2\/pages\/1860\/revisions"}],"predecessor-version":[{"id":1870,"href":"https:\/\/lozoi.szczecin.pl\/autoinstalator\/wordpressplugins\/index.php\/wp-json\/wp\/v2\/pages\/1860\/revisions\/1870"}],"wp:attachment":[{"href":"https:\/\/lozoi.szczecin.pl\/autoinstalator\/wordpressplugins\/index.php\/wp-json\/wp\/v2\/media?parent=1860"}],"wp:term":[{"taxonomy":"category","embeddable":true,"href":"https:\/\/lozoi.szczecin.pl\/autoinstalator\/wordpressplugins\/index.php\/wp-json\/wp\/v2\/categories?post=1860"},{"taxonomy":"post_tag","embeddable":true,"href":"https:\/\/lozoi.szczecin.pl\/autoinstalator\/wordpressplugins\/index.php\/wp-json\/wp\/v2\/tags?post=1860"}],"curies":[{"name":"wp","href":"https:\/\/api.w.org\/{rel}","templated":true}]}}