{"id":1818,"date":"2026-02-24T09:13:03","date_gmt":"2026-02-24T08:13:03","guid":{"rendered":"https:\/\/lozoi.szczecin.pl\/autoinstalator\/wordpressplugins\/?page_id=1818"},"modified":"2026-03-18T09:47:33","modified_gmt":"2026-03-18T08:47:33","slug":"rekrutacja-3","status":"publish","type":"page","link":"https:\/\/lozoi.szczecin.pl\/autoinstalator\/wordpressplugins\/index.php\/rekrutacja-3\/","title":{"rendered":"Rekrutacja"},"content":{"rendered":"\t\t<div data-elementor-type=\"wp-page\" data-elementor-id=\"1818\" class=\"elementor elementor-1818\">\n\t\t\t\t<div class=\"elementor-element elementor-element-36ee655 e-flex e-con-boxed e-con e-parent\" data-id=\"36ee655\" data-element_type=\"container\" data-e-type=\"container\">\n\t\t\t\t\t<div class=\"e-con-inner\">\n\t\t\t\t<div class=\"elementor-element elementor-element-7564a82 elementor-widget elementor-widget-text-editor\" data-id=\"7564a82\" data-element_type=\"widget\" data-e-type=\"widget\" data-widget_type=\"text-editor.default\">\n\t\t\t\t\t\t\t\t\t<h3 style=\"text-align: center;\"><span style=\"color: #0000ff;\"><strong>REKRUTACJA NA ROK SZKOLNY 2026\/2027<\/strong><\/span><\/h3><div>\u00a0<\/div><hr \/><hr \/><p style=\"font-weight: 400;\"><strong>UWAGA!<\/strong><\/p><p style=\"font-weight: 400;\"><strong>Informacja dla uczni\u00f3w, kt\u00f3rzy posiadaj\u0105 orzeczenie o potrzebie kszta\u0142cenia specjalnego lub s\u0105 w trakcie bada\u0144 w poradni.<\/strong><\/p><p style=\"font-weight: 400;\">Ubiegaj\u0105c si\u0119 o miejsce w oddziale oznaczonym literk\u0105 \u201ei\u201d: 1a(i), 1b(i), 1c(i), 1d (i) \u2013 ucze\u0144 musi posiada\u0107 wa\u017cne orzeczenie o potrzebie kszta\u0142cenia specjalnego ze wzgl\u0119du na niepe\u0142nosprawno\u015b\u0107, wydane na okres nauki w szkole ponadpodstawowej.<\/p><p style=\"font-weight: 400;\"><span style=\"color: #ff0000;\"><strong>Orzeczenie musi by\u0107 najp\u00f3\u017aniej dostarczone do szko\u0142y i zamieszczone w systemie Nab\u00f3r do 07.07.2026 r. do godz. 15.00\u00a0<\/strong><\/span>(do tego czasu nale\u017cy dostarczy\u0107 za\u015bwiadczenie z poradni, \u017ce orzeczenie zostanie wydane do tego terminu).<\/p><p style=\"font-weight: 400;\">W sytuacji braku aktualnego orzeczenie o potrzebie kszta\u0142cenia specjalnego ze wzgl\u0119du na niepe\u0142nosprawno\u015b\u0107 do 07.07.2026 r. ucze\u0144 mo\u017ce podej\u015b\u0107 do rekrutacji\u00a0<strong>tylko do oddzia\u0142\u00f3w oznaczonych: 1a, 1b, 1c, 1d.\u00a0<\/strong><\/p><hr \/><hr \/><p><a href=\"https:\/\/lozoi.szczecin.pl\/autoinstalator\/wordpressplugins\/wp-content\/uploads\/2026\/03\/Regulamin-rekrutacji-2026_2027A.pdf\"><span style=\"color: #0000ff;\"><strong>Regulamin rekrutacji na rok szk. 2026\/2027<\/strong><\/span><\/a>&#8211; <strong>do pobrania<\/strong><\/p><p><strong><a href=\"https:\/\/lozoi.szczecin.pl\/autoinstalator\/wordpressplugins\/wp-content\/uploads\/2026\/03\/Zalacznik-nr-1.docx\"><span style=\"color: #0000ff;\">Za\u0142\u0105cznik nr 1<\/span><\/a><\/strong> (<strong>opinia<\/strong> pedagoga lub nauczyciela wspomagaj\u0105cego z macierzystej szko\u0142y podstawowej kandydata) &#8211; <strong>do pobrania<\/strong><\/p><hr \/><hr \/><p style=\"font-weight: 400;\"><span style=\"color: #000000;\"><strong><img fetchpriority=\"high\" decoding=\"async\" class=\"wp-image-1993 alignright\" src=\"https:\/\/lozoi.szczecin.pl\/autoinstalator\/wordpressplugins\/wp-content\/uploads\/2026\/03\/atuty_lozoi-200x300.jpg\" alt=\"Plakat Liceum Og\u00f3lnokszta\u0142c\u0105cego z Oddzia\u0142ami Integracyjnymi w Szczecinie prezentuj\u0105cy atuty szko\u0142y. Zawiera cztery sekcje: wysoki poziom nauczania, edukacja w\u0142\u0105czaj\u0105ca, rozw\u00f3j pasji i talent\u00f3w oraz nowoczesna szko\u0142a. Na dole ilustracja uczni\u00f3w oraz has\u0142o: \u201eTworzymy szko\u0142\u0119, w kt\u00f3rej ka\u017cdy jest wa\u017cny\u201d.\" width=\"400\" height=\"600\" srcset=\"https:\/\/lozoi.szczecin.pl\/autoinstalator\/wordpressplugins\/wp-content\/uploads\/2026\/03\/atuty_lozoi-200x300.jpg 200w, https:\/\/lozoi.szczecin.pl\/autoinstalator\/wordpressplugins\/wp-content\/uploads\/2026\/03\/atuty_lozoi-683x1024.jpg 683w, https:\/\/lozoi.szczecin.pl\/autoinstalator\/wordpressplugins\/wp-content\/uploads\/2026\/03\/atuty_lozoi-768x1152.jpg 768w, https:\/\/lozoi.szczecin.pl\/autoinstalator\/wordpressplugins\/wp-content\/uploads\/2026\/03\/atuty_lozoi.jpg 832w\" sizes=\"(max-width: 400px) 100vw, 400px\" \/><\/strong><\/span><\/p><p style=\"font-weight: 400;\"><span style=\"color: #000000;\"><strong>Proponowane klasy w roku szkolnym 2026\/2027<\/strong><\/span><\/p><p style=\"font-weight: 400;\"><span style=\"color: #0000ff;\"><em><u>Klasa 1a \u2013 biologiczna z elementami psychologii<\/u><\/em><\/span><br \/>Przedmioty realizowane w zakresie rozszerzonym:<br \/>\u2013 j\u0119zyk polski<br \/>\u2013 biologia<br \/>Przedmiot uzupe\u0142niaj\u0105cy: psychologia, matematyka u\u017cytkowa<br \/>J\u0119zyki obce: j\u0119zyk angielski, j\u0119zyk niemiecki<br \/>Przedmioty punktowane: j\u0119zyk polski, j\u0119zyk obcy, matematyka, biologia<\/p><p style=\"font-weight: 400;\"><span style=\"color: #0000ff;\"><em><u>Klasa 1b \u2013 pedagogiczna<\/u><\/em><\/span><br \/>Przedmioty realizowane w zakresie rozszerzonym:<br \/>\u2013 j\u0119zyk polski<\/p><p style=\"font-weight: 400;\">\u2013 j\u0119zyk angielski<\/p><p style=\"font-weight: 400;\">\u2013 geografia<\/p><p style=\"font-weight: 400;\">Przedmiot uzupe\u0142niaj\u0105cy: pedagogika<br \/>J\u0119zyki obce: j\u0119zyk angielski, j\u0119zyk niemiecki<br \/>Przedmioty punktowane: j\u0119zyk polski, j\u0119zyk obcy, matematyka, geografia<\/p><p style=\"font-weight: 400;\"><span style=\"color: #0000ff;\"><em><u>Klasa 1c \u2013 informatyczno-matematyczna<\/u><\/em><\/span><br \/>Przedmioty realizowane w zakresie rozszerzonym:<br \/>\u2013 j\u0119zyk angielski<br \/>\u2013 matematyka<br \/>\u2013 informatyka<br \/>J\u0119zyki obce: j\u0119zyk angielski, j\u0119zyk niemiecki<br \/>Przedmioty punktowane: j\u0119zyk polski, j\u0119zyk obcy, matematyka, informatyka<\/p><p style=\"font-weight: 400;\"><span style=\"color: #0000ff;\"><em><u>Klasa 1d \u2013 nauk spo\u0142ecznych<\/u><\/em><\/span><br \/>Przedmioty realizowane w zakresie rozszerzonym:<br \/>\u2013 historia<br \/>\u2013 wiedza o spo\u0142ecze\u0144stwie<br \/>Przedmiot uzupe\u0142niaj\u0105cy: turystyka, matematyka u\u017cytkowa<br \/>J\u0119zyki obce: j\u0119zyk angielski, j\u0119zyk w\u0142oski<br \/>Przedmioty punktowane: j\u0119zyk polski, j\u0119zyk obcy, matematyka, historia<\/p><hr \/><hr \/><p><span style=\"color: #ff0000;\"><strong>Terminy post\u0119powania rekrutacyjnego<\/strong><\/span> oraz post\u0119powania uzupe\u0142niaj\u0105cego, a tak\u017ce terminy sk\u0142adania dokument\u00f3w do klas pierwszych publicznych szk\u00f3\u0142 ponadpodstawowych: czteroletnich lice\u00f3w og\u00f3lnokszta\u0142c\u0105cych, pi\u0119cioletnich technik\u00f3w i bran\u017cowych szk\u00f3\u0142 I stopnia \u00a0oraz klas wst\u0119pnych szk\u00f3\u0142 ponadpodstawowych, o kt\u00f3rych mowa w art. 25 ust. 3 ustawy Prawo o\u015bwiatowe, na rok szkolny 2026\/2027 na terenie wojew\u00f3dztwa zachodniopomorskiego:<\/p><p><a href=\"#_ftnref1\" name=\"_ftn1\"><\/a><a href=\"https:\/\/lozoi.szczecin.pl\/autoinstalator\/wordpressplugins\/wp-content\/uploads\/2026\/02\/Terminarz-rekrutacji-26-27.pdf\">Terminy post\u0119powania rekrutacyjnego oraz post\u0119powania uzupe\u0142niaj\u0105cego, a tak\u017ce terminy sk\u0142adania dokument\u00f3w do klas pierwszych publicznych szk\u00f3\u0142 ponadpodstawowych na rok szkolny 2026\/2027<\/a> <strong>&#8211; do pobrania<\/strong><\/p><table width=\"1145\"><tbody><tr><td width=\"60\"><p>Lp.<\/p><\/td><td colspan=\"2\" width=\"614\"><p>Rodzaj czynno\u015bci<\/p><\/td><td width=\"237\"><p>Termin <br \/>w post\u0119powaniu rekrutacyjnym<\/p><\/td><td width=\"235\"><p>Termin <br \/>w post\u0119powaniu uzupe\u0142niaj\u0105cym<\/p><\/td><\/tr><tr><td rowspan=\"2\" width=\"60\"><p><strong>1<\/strong><\/p><\/td><td colspan=\"2\" rowspan=\"2\" width=\"614\"><p><u>Z\u0142o\u017cenie wniosku<\/u>, w tym zmiana wniosku wraz z dokumentami <br \/><u>o przyj\u0119cie doszko\u0142y ponadpodstawowej dwuj\u0119zycznej, oddzia\u0142u dwuj\u0119zycznego, oddzia\u0142u mi\u0119dzynarodowego, klasy wst\u0119pnej, oddzia\u0142u przygotowania wojskowego, oddzia\u0142u o profilu mundurowym w szkole ponadpodstawowejoraz do szk\u00f3\u0142 i oddzia\u0142\u00f3w prowadz\u0105cych szkolenie sportowe<\/u> w szko\u0142ach ponadpodstawowych<\/p><\/td><td width=\"237\"><p><strong>od 7.05.2026 r. do 22.05.2026 r. do godz. 15.00<\/strong><\/p><\/td><td width=\"235\"><p><strong>od 17.07.2026 r. do 20.07.2026 r. do godz. 15.00<\/strong><\/p><\/td><\/tr><tr><td width=\"237\"><p><sup>\u00a0<\/sup><\/p><p><sup>\u00a0<\/sup><\/p><p>nie dotyczy2)<\/p><\/td><td width=\"235\"><p>nie dotyczy2)<\/p><\/td><\/tr><tr><td rowspan=\"2\" width=\"60\"><p><strong>2<\/strong><\/p><\/td><td colspan=\"2\" rowspan=\"2\" width=\"614\"><p><u>Z\u0142o\u017cenie wniosku, w tym zmiana wniosku o przyj\u0119cie do klasy I szko\u0142y ponadpodstawowej<\/u> wraz z dokumentami\u00a0 <u>z wy\u0142\u0105czeniem<\/u> szk\u00f3\u0142 i oddzia\u0142\u00f3w\u00a0 wskazanych powy\u017cej w punkcie 1.<\/p><\/td><td width=\"237\"><p><strong>od 7.05.2026 r. do 12.06.2026 r. do godz. 15.00<\/strong><\/p><\/td><td width=\"235\"><p><strong>od 17.07.2026 r. do 21.07.2026 r. do godz. 15.00<\/strong><\/p><\/td><\/tr><tr><td width=\"237\"><p><sup>\u00a0<\/sup><\/p><p>od 211.2026 r.\u00a0<\/p><p>do 16.11.2026 r.\u00a0 do godz. 15.00<a href=\"#_ftn1\"><sup>[1]<\/sup><\/a><\/p><\/td><td width=\"235\"><p>od 21.12.2026 r.\u00a0 <br \/>do 30.12.2026 r.<sup>2)<\/sup><\/p><\/td><\/tr><tr><td colspan=\"2\" rowspan=\"2\" width=\"60\"><p><strong>3<\/strong><\/p><\/td><td rowspan=\"2\" width=\"613\"><p>Wydanie przez szko\u0142\u0119 prowadz\u0105c\u0105 kszta\u0142cenie zawodowe skierowania na badanie lekarskie i psychologiczne<\/p><\/td><td width=\"237\"><p><strong>od 7.05.2026 r. <\/strong><\/p><\/td><td width=\"235\"><p>od 17.07.2026 r.<\/p><\/td><\/tr><tr><td width=\"237\"><p>od\u00a0 2.11.2026 r.<sup>1)<\/sup><\/p><\/td><td width=\"235\"><p>od\u00a0 21.12.2026 r.<sup>1)<\/sup><\/p><\/td><\/tr><tr><td rowspan=\"2\" width=\"60\"><p><strong>4<\/strong><\/p><\/td><td colspan=\"2\" rowspan=\"2\" width=\"614\"><p>Przeprowadzenie sprawdzianu uzdolnie\u0144 kierunkowych *<\/p><p>Przeprowadzenie sprawdzianu kompetencji j\u0119zykowych*<\/p><p>Przeprowadzenie sprawdzianu predyspozycji\u00a0 j\u0119zykowych (klasy wst\u0119pne)*<\/p><p>Przeprowadzenie pr\u00f3b sprawno\u015bci fizycznej*<\/p><\/td><td width=\"237\"><p><strong>od 25.05.2026 r. do 3.06.2026 r.<\/strong><\/p><p><strong>II termin\u00a0 <\/strong><\/p><p><strong>do 30.06.2026 r.<sup>3)<\/sup><\/strong><\/p><\/td><td width=\"235\"><p><strong>od 22.07.2026 r.<\/strong><\/p><p><strong>do 24.07.2026 r.<\/strong><\/p><\/td><\/tr><tr><td width=\"237\"><p>nie dotyczy2)<\/p><\/td><td width=\"235\"><p>nie dotyczy2)<\/p><\/td><\/tr><tr><td colspan=\"2\" rowspan=\"2\" width=\"60\"><p><strong>5<\/strong><\/p><\/td><td rowspan=\"2\" width=\"613\"><p>Sporz\u0105dzenie przez komisj\u0119 rekrutacyjn\u0105 informacji o uzyskanych przez poszczeg\u00f3lnych kandydat\u00f3w wynikach sprawdzianu kompetencji j\u0119zykowych, sprawdzianu predyspozycji j\u0119zykowych i pr\u00f3b sprawno\u015bci fizycznej<\/p><\/td><td width=\"237\"><p><strong>I termin do 9.06.2026 r.<\/strong><\/p><p><strong>II termin <sup>3)<\/sup><\/strong><\/p><p><strong>do 30.06.2026 r.<\/strong><\/p><\/td><td width=\"235\"><p>do 24.07.2026 r.<\/p><\/td><\/tr><tr><td width=\"237\"><p>nie dotyczy2)<\/p><\/td><td width=\"235\"><p>nie dotyczy2)<\/p><\/td><\/tr><tr><td colspan=\"2\" width=\"60\"><p><strong>6<\/strong><\/p><\/td><td width=\"613\"><p>Uzupe\u0142nienie wniosku o przyj\u0119cie do szko\u0142y ponadpodstawowej <br \/>o \u015bwiadectwo uko\u0144czenia szko\u0142y oraz o za\u015bwiadczenie o wynikach egzaminu \u00f3smoklasisty wraz zmo\u017cliwo\u015bci\u0105 przeniesienie wniosku o przyj\u0119cie do innej szko\u0142y ponadpodstawowej lub zmiana kolejno\u015bci wybranych szk\u00f3\u0142<\/p><\/td><td width=\"237\"><p><strong>od 3.07.2026 r. <\/strong><\/p><p><strong>do 7.07.2026 r. <br \/>do godz. 15.00<\/strong><\/p><\/td><td width=\"235\">\u00a0<\/td><\/tr><tr><td colspan=\"2\" rowspan=\"2\" width=\"60\"><p><strong>7<\/strong><\/p><\/td><td rowspan=\"2\" width=\"613\"><p>Weryfikacja przez komisj\u0119 rekrutacyjn\u0105 wniosk\u00f3w o przyj\u0119cie do szko\u0142y ponadpodstawowej i dokument\u00f3w potwierdzaj\u0105cych spe\u0142nianie przez kandydata warunk\u00f3w po\u015bwiadczanych w o\u015bwiadczeniach, w tym dokonanie przez przewodnicz\u0105cego komisji rekrutacyjnej czynno\u015bci zwi\u0105zanych z ustaleniem tych okoliczno\u015bci.<\/p><\/td><td width=\"237\"><p><strong>do 07.07.2026 r.<\/strong><\/p><\/td><td width=\"235\"><p><strong>do 27.07.2026 r.<\/strong><\/p><\/td><\/tr><tr><td width=\"237\"><p>do 20.11.2026 r.1)<\/p><\/td><td width=\"235\"><p>do 5.01.2027 r.1)<\/p><\/td><\/tr><tr><td colspan=\"2\" rowspan=\"2\" width=\"60\"><p><strong>8<\/strong><\/p><\/td><td rowspan=\"2\" width=\"613\"><p>Weryfikacja przez komisj\u0119 rekrutacyjn\u0105 dokument\u00f3w potwierdzaj\u0105cych spe\u0142nianie przez kandydata warunk\u00f3w lub kryteri\u00f3w branych pod uwag\u0119 <br \/>w post\u0119powaniu rekrutacyjnym, w tym ustalonych przez w\u00f3jta (burmistrza lub prezydenta) okoliczno\u015bci wskazanych w o\u015bwiadczeniach.<\/p><\/td><td width=\"237\"><p><strong>do 13.07.2026 r. do godz. 10.00<\/strong><\/p><\/td><td width=\"235\"><p><strong>do 27.07.2026 r. do godz. 10.00<\/strong><\/p><\/td><\/tr><tr><td width=\"237\"><p>do 25.11.2026 r. <sup>1)<\/sup><\/p><\/td><td width=\"235\"><p>do11.01.2027 r.<sup>1)<\/sup><\/p><\/td><\/tr><tr><td colspan=\"2\" rowspan=\"2\" width=\"60\"><p><strong>9<\/strong><\/p><\/td><td rowspan=\"2\" width=\"613\"><p><strong>Podanie do publicznej wiadomo\u015bci przez komisj\u0119 rekrutacyjn\u0105 listy kandydat\u00f3w zakwalifikowanych i kandydat\u00f3w niezakwalifikowanych<\/strong><\/p><\/td><td width=\"237\"><p><strong>13.07.2026 r.\u00a0 godz. 15.00<\/strong><\/p><\/td><td width=\"235\"><p><strong>27.07.2026 r. godz. 12.00<\/strong><\/p><\/td><\/tr><tr><td width=\"237\"><p>25.11.2026 r. godz.12.00<sup>1)<\/sup><\/p><\/td><td width=\"235\"><p>11.01.2027 r. godz. 12.00<sup>1)<\/sup><\/p><\/td><\/tr><tr><td rowspan=\"2\" width=\"60\"><p><strong>10<\/strong><\/p><\/td><td colspan=\"2\" rowspan=\"2\" width=\"614\"><p>Potwierdzenie przez rodzica kandydata albo kandydata pe\u0142noletniego woli przyj\u0119cia w postaci przed\u0142o\u017cenia orygina\u0142u \u015bwiadectwa uko\u0144czenia szko\u0142y <br \/>i orygina\u0142u za\u015bwiadczenia o wynikach egzaminu zewn\u0119trznego, o ile nie zosta\u0142y one z\u0142o\u017cone w uzupe\u0142nieniu wniosku o przyj\u0119cie do szko\u0142y ponadpodstawowej, a w przypadku szko\u0142y prowadz\u0105cej kszta\u0142cenie zawodowe &#8211; tak\u017ce za\u015bwiadczenia lekarskiego zawieraj\u0105cego orzeczenie o\u00a0braku przeciwskaza\u0144 zdrowotnych do podj\u0119cia praktycznej nauki zawodu oraz do kierowania pojazdami lub o braku przeciwwskaza\u0144 psychologicznych do kierowania pojazdem, w przypadku kandydat\u00f3w do szko\u0142y prowadz\u0105cej kszta\u0142cenie w zawodzie, dla kt\u00f3rego podstawa programowa kszta\u0142cenia w zawodzie szkolnictwa bran\u017cowego przewiduje przygotowanie do uzyskania umiej\u0119tno\u015bci kierowania pojazdem silnikowym w zakresie prawa jazdy danej kategorii.W przypadku kandydat\u00f3w do szko\u0142y prowadz\u0105cej kszta\u0142cenie w zawodzie, dla kt\u00f3rego podstawa programowa kszta\u0142cenia w zawodzie szkolnictwa bran\u017cowego przewiduje kszta\u0142cenie zgodnie z wymogami okre\u015blonymi w Mi\u0119dzynarodowej konwencji <br \/>o wymaganiach w zakresie wyszkolenia marynarzy, wydawania im \u015bwiadectw oraz pe\u0142nienia wacht, 1978, sporz\u0105dzonej w Londynie dnia 7 lipca 1978 r. \u2013kandydat musi z\u0142o\u017cy\u0107 tak\u017ce orzeczenie lekarskie wydawane w formie \u015bwiadectwa zdrowia o zdolno\u015bci do pracy na statku, o kt\u00f3rym mowa w art. 4 ust. 2 ustawy z dnia 5 sierpnia 2015 r. o pracy na morzu (Dz. U. z 2018 r. poz. 616), przy czym do kandydat\u00f3w nie stosuje si\u0119 warunku posiadania za\u015bwiadczenia o braku przeciwwskaza\u0144 zdrowotnych do podj\u0119cia praktycznej nauki zawodu.<\/p><\/td><td width=\"237\"><p><strong>od 13.07.2026 r. od godz. 15.00do 16.07.2026 r. do godz. 10.00<\/strong><\/p><\/td><td width=\"235\"><p><strong>od 27.07. 2026r. od godz. 12.00 do 31.07.2026 r. do godz. 12.00<\/strong><\/p><\/td><\/tr><tr><td width=\"237\"><p>od 25.11.2026r. do 18.12.2026 r. do godz. 10.00<sup>1)<\/sup><\/p><\/td><td width=\"235\"><p>Od 11.01.2027r.\u00a0 do 22.01.2027 r.<sup>1)<\/sup> do godz. 10.00<\/p><\/td><\/tr><tr><td rowspan=\"2\" width=\"60\"><p><strong>\u00a0<\/strong><\/p><p><strong>11<\/strong><\/p><\/td><td colspan=\"2\" rowspan=\"2\" width=\"614\"><p><strong>Podanie do publicznej wiadomo\u015bci przez komisj\u0119 rekrutacyjn\u0105 listy kandydat\u00f3w przyj\u0119tych i kandydat\u00f3w nieprzyj\u0119tych<\/strong><\/p><\/td><td width=\"237\"><p><strong>16.07.2026 r. \u00a0godz. 14.00<\/strong><\/p><\/td><td width=\"235\"><p><strong>31.07.2026 r. godz. 14.00<\/strong><\/p><\/td><\/tr><tr><td width=\"237\"><p>18.12.2026 r. godz. 12.00<sup>1)<\/sup><\/p><\/td><td width=\"235\"><p>22.01.2027 r. godz.14.00<sup>1)<\/sup><\/p><\/td><\/tr><tr><td rowspan=\"2\" width=\"60\"><p><strong>12<\/strong><\/p><\/td><td colspan=\"2\" rowspan=\"2\" width=\"614\"><p>Przekazanie przez komisj\u0119 rekrutacyjn\u0105 Zachodniopomorskiemu Kuratorowi O\u015bwiaty informacji o wolnych miejscach w szkole<\/p><\/td><td width=\"237\"><p><strong>do 17. 07.2026 r. do godz. 10.00<\/strong><\/p><\/td><td width=\"235\"><p><strong>do 03.08.2026r.\u00a0 do godz. 12.00<\/strong><\/p><\/td><\/tr><tr><td width=\"237\"><p>do 18.12.2026r. do godz. 14.00<\/p><\/td><td width=\"235\"><p>do 22 .01.2027r. do godz. 12.00<\/p><\/td><\/tr><tr><td rowspan=\"2\" width=\"60\"><p><strong>13<\/strong><\/p><\/td><td colspan=\"2\" rowspan=\"2\" width=\"614\"><p>Opublikowanie przez Zachodniopomorskiego Kuratora O\u015bwiaty informacji <br \/>o liczbie wolnych miejsc w szko\u0142ach ponadpodstawowych<\/p><\/td><td width=\"237\"><p><strong>17.07.2026 r. do godz. 12.00<\/strong><\/p><\/td><td width=\"235\"><p><strong>do 3.08.2026 r. do godz. 15.00<\/strong><\/p><\/td><\/tr><tr><td width=\"237\"><p>do 18.12.2026 r.<sup> 1)<\/sup>do godz. 15.00<\/p><\/td><td width=\"235\"><p>do 22.01.2026 r.<sup> 1)<\/sup> do godz. 15.00<\/p><\/td><\/tr><tr><td rowspan=\"2\" width=\"60\"><p><strong>14<\/strong><\/p><\/td><td colspan=\"2\" rowspan=\"2\" width=\"614\"><p>Wyst\u0105pienie do komisji rekrutacyjnej o sporz\u0105dzenie uzasadnienia odmowy przyj\u0119cia<\/p><\/td><td width=\"237\"><p><strong>do 20.07.2026 r. <\/strong><\/p><\/td><td width=\"235\"><p><strong>do 03.08.2026 r.<\/strong><\/p><\/td><\/tr><tr><td width=\"237\"><p>do 21.12.2026 r.<sup>1)<\/sup><\/p><\/td><td width=\"235\"><p>do 25.01.2027 r.<sup>1)<\/sup><\/p><\/td><\/tr><tr><td width=\"60\"><p><strong>15<\/strong><\/p><\/td><td colspan=\"2\" width=\"614\"><p>Sporz\u0105dzenie przez komisj\u0119 rekrutacyjn\u0105 uzasadnienia odmowy przyj\u0119cia<\/p><\/td><td colspan=\"2\" width=\"472\"><p>do 3 dni od dnia wyst\u0105pienia o<\/p><p>sporz\u0105dzenie uzasadnienia odmowy przyj\u0119cia<\/p><p><sup>\u00a0<\/sup><\/p><\/td><\/tr><tr><td width=\"60\"><p><strong>16<\/strong><\/p><\/td><td colspan=\"2\" width=\"614\"><p>Wniesienie do dyrektora szko\u0142y odwo\u0142ania od rozstrzygni\u0119cia komisji rekrutacyjnej<\/p><\/td><td colspan=\"2\" width=\"472\"><p>do 3 dni od dnia otrzymania uzasadniania odmowy przyj\u0119cia<\/p><\/td><\/tr><tr><td width=\"60\"><p><strong>17<\/strong><\/p><\/td><td colspan=\"2\" width=\"614\"><p>Dyrektor szko\u0142y rozpatruje odwo\u0142anie od rozstrzygni\u0119cia komisji rekrutacyjnej<\/p><\/td><td colspan=\"2\" width=\"472\"><p>do 3 dni od dnia z\u0142o\u017cenia odwo\u0142ania do dyrektora szko\u0142y<\/p><\/td><\/tr><\/tbody><\/table><p>1)Dotyczy bran\u017cowej szko\u0142y I stopnia, w kt\u00f3rej zaj\u0119cia dydaktyczno-wychowawcze rozpoczynaj\u0105 si\u0119 w pierwszym powszednim dniu lutego.<\/p><p>2)\u00a0 w ofercie edukacyjnej na rok szkolny 2026\/2027 w szko\u0142ach, w kt\u00f3rych zaj\u0119cia dydaktyczno-wychowawcze rozpoczynaj\u0105 si\u0119 w pierwszym powszednim dniu lutego, nie zg\u0142oszono \u00a0oddzia\u0142\u00f3w, w kt\u00f3rych wymagane jest przeprowadzanie sprawdzian\u00f3w albo pr\u00f3b sprawno\u015bci fizycznej.<\/p><p>3) dla kandydat\u00f3w, kt\u00f3rzy z przyczyn niezale\u017cnych od nich nie mogli przyst\u0105pi\u0107 do sprawdzianu lub pr\u00f3b sprawno\u015bci w pierwszym terminie.<\/p><p>* Dyrektor szko\u0142y okre\u015bla szczeg\u00f3\u0142owy termin sprawdzianu uzdolnie\u0144 kierunkowych, sprawdzianu kompetencji j\u0119zykowych, sprawdzianu predyspozycji j\u0119zykowych oraz pr\u00f3b sprawno\u015bci fizycznej.<\/p>\t\t\t\t\t\t\t\t<\/div>\n\t\t\t\t\t<\/div>\n\t\t\t\t<\/div>\n\t\t\t\t<\/div>\n\t\t","protected":false},"excerpt":{"rendered":"<p>REKRUTACJA NA ROK SZKOLNY 2026\/2027 \u00a0 UWAGA! Informacja dla uczni\u00f3w, kt\u00f3rzy posiadaj\u0105 orzeczenie o potrzebie kszta\u0142cenia specjalnego lub s\u0105 w trakcie bada\u0144 w poradni. Ubiegaj\u0105c si\u0119 o miejsce w oddziale oznaczonym literk\u0105 \u201ei\u201d: 1a(i), 1b(i), 1c(i), 1d (i) \u2013 ucze\u0144 musi posiada\u0107 wa\u017cne orzeczenie o potrzebie kszta\u0142cenia specjalnego ze wzgl\u0119du na niepe\u0142nosprawno\u015b\u0107, wydane na okres [&hellip;]<\/p>\n","protected":false},"author":2,"featured_media":0,"parent":0,"menu_order":0,"comment_status":"closed","ping_status":"closed","template":"","meta":{"footnotes":""},"categories":[],"tags":[],"class_list":["post-1818","page","type-page","status-publish","hentry"],"_links":{"self":[{"href":"https:\/\/lozoi.szczecin.pl\/autoinstalator\/wordpressplugins\/index.php\/wp-json\/wp\/v2\/pages\/1818","targetHints":{"allow":["GET"]}}],"collection":[{"href":"https:\/\/lozoi.szczecin.pl\/autoinstalator\/wordpressplugins\/index.php\/wp-json\/wp\/v2\/pages"}],"about":[{"href":"https:\/\/lozoi.szczecin.pl\/autoinstalator\/wordpressplugins\/index.php\/wp-json\/wp\/v2\/types\/page"}],"author":[{"embeddable":true,"href":"https:\/\/lozoi.szczecin.pl\/autoinstalator\/wordpressplugins\/index.php\/wp-json\/wp\/v2\/users\/2"}],"replies":[{"embeddable":true,"href":"https:\/\/lozoi.szczecin.pl\/autoinstalator\/wordpressplugins\/index.php\/wp-json\/wp\/v2\/comments?post=1818"}],"version-history":[{"count":62,"href":"https:\/\/lozoi.szczecin.pl\/autoinstalator\/wordpressplugins\/index.php\/wp-json\/wp\/v2\/pages\/1818\/revisions"}],"predecessor-version":[{"id":2098,"href":"https:\/\/lozoi.szczecin.pl\/autoinstalator\/wordpressplugins\/index.php\/wp-json\/wp\/v2\/pages\/1818\/revisions\/2098"}],"wp:attachment":[{"href":"https:\/\/lozoi.szczecin.pl\/autoinstalator\/wordpressplugins\/index.php\/wp-json\/wp\/v2\/media?parent=1818"}],"wp:term":[{"taxonomy":"category","embeddable":true,"href":"https:\/\/lozoi.szczecin.pl\/autoinstalator\/wordpressplugins\/index.php\/wp-json\/wp\/v2\/categories?post=1818"},{"taxonomy":"post_tag","embeddable":true,"href":"https:\/\/lozoi.szczecin.pl\/autoinstalator\/wordpressplugins\/index.php\/wp-json\/wp\/v2\/tags?post=1818"}],"curies":[{"name":"wp","href":"https:\/\/api.w.org\/{rel}","templated":true}]}}