{"id":1777,"date":"2026-02-20T17:04:19","date_gmt":"2026-02-20T16:04:19","guid":{"rendered":"https:\/\/lozoi.szczecin.pl\/autoinstalator\/wordpressplugins\/?page_id=1777"},"modified":"2026-02-23T13:40:43","modified_gmt":"2026-02-23T12:40:43","slug":"nowosci-czytelnicze","status":"publish","type":"page","link":"https:\/\/lozoi.szczecin.pl\/autoinstalator\/wordpressplugins\/index.php\/nowosci-czytelnicze\/","title":{"rendered":"Nowo\u015bci czytelnicze"},"content":{"rendered":"\t\t<div data-elementor-type=\"wp-page\" data-elementor-id=\"1777\" class=\"elementor elementor-1777\">\n\t\t\t\t<div class=\"elementor-element elementor-element-eaa91e3 e-flex e-con-boxed e-con e-parent\" data-id=\"eaa91e3\" data-element_type=\"container\" data-e-type=\"container\">\n\t\t\t\t\t<div class=\"e-con-inner\">\n\t\t\t\t<div class=\"elementor-element elementor-element-c430e14 elementor-widget elementor-widget-text-editor\" data-id=\"c430e14\" data-element_type=\"widget\" data-e-type=\"widget\" data-widget_type=\"text-editor.default\">\n\t\t\t\t\t\t\t\t\t<p style=\"text-align: center;\"><span style=\"color: #0000ff;\"><strong>Rok 2025\/2026<\/strong><\/span><\/p><p>Aaronovitch Ben, Rzeki Londynu<br \/>Abercrombie Joe, P\u00f3\u0142 kr\u00f3la<br \/>Abercrombie Joe, P\u00f3\u0142 wojny<br \/>Abercrombie Joe, P\u00f3\u0142 \u015bwiata<\/p><p>Baranowska Wanda, Nauczyciel a ucze\u0144 z ADHD <br \/>Bardet Daniel, N\u0119dznicy (komiks)<br \/>Bardet Daniel, Pani Bovary (komiks)<br \/>Barszcz Przemys\u0142aw, Tajemnice dzie\u0142 sztuki <br \/>Bastek Gra\u017cyna, Ilustrownik <br \/>Bastek Gra\u017cyna, Rozmowy obraz\u00f3w <br \/>Bator Joanna, Ciemno, prawie noc<br \/>Bator Joanna, Japo\u0144ski wachlarz<br \/>Bator Joanna, Wyspa \u0141za od nowa<br \/>Bennett Joe, Empireum<br \/>Bia\u0142y Beata, Kobiece gadanie<br \/>Biel Julia, Memory almost full (ksi\u0105\u017cka w j. angielskim)<br \/>Biel Julia, Memory almost gone(ksi\u0105\u017cka w j. angielskim)<br \/>Bonda Katarzyna, Okularnik<br \/>Bonda Katarzyna, Lampiony<br \/>Bonda Katarzyna, Poch\u0142aniacz<br \/>Borszewicz Jaros\u0142aw, Pomroki<br \/>Borszewicz Jaros\u0142aw, Mroki<br \/>Brierley Saroo, Lion (ksi\u0105\u017cka w j. angielskim)<br \/>Brown Daniel James, Ch\u0142opaki z \u0142\u00f3dki<br \/>Br\u00e9maud Fr\u00e9d\u00e9ric, Wojna i pok\u00f3j (komiks)<\/p><p>Buendia Patrice, Opowie\u015b\u0107 wigilijna (komiks)<br \/>Buendia Patrice, Quo vadis? (komiks)<br \/>Burger Wojciech, Gwiazda szcz\u0119\u015bcia<br \/>Burger Wojciech, Zaklinacz czasu<br \/>Byczkowska-Nowak Marta, Nieocalony<br \/>B\u0105czykowski Jakub, Zadzwo\u0144, jak dojedziesz<\/p><p>Cameron Julia, Droga artysty<br \/>Carr\u00e9 Claude, Dzwonnik z Notre Dame (komiks)<br \/>Chanoinat Philippe, Wojna \u015bwiat\u00f3w (komiks)<br \/>Christie Agatha, Morderstwo w Orient Expressie<br \/>Christie Agatha, Nemezis<br \/>Christie Agatha, \u015amier\u0107 na Nilu<br \/>Christie Agatha, 4.50 z Paddington<br \/>Christie Agatha, Noc w bibliotece<br \/>Cieloch Alicja, Polska rowerem<br \/>Ciesielski Wojciech, Komiks szczeci\u0144ski<br \/>Cieszy\u0144ska Agata, O pocz\u0105tkach<br \/>Cieszy\u0144ska Agata, Opowie\u015b\u0107<br \/>Clarke Arthur C., Koniec dzieci\u0144stwa<br \/>Clear James, Atomowe nawyki<br \/>Coben Harlan, Na gor\u0105cym uczynku<br \/>Coben Harlan, O krok za daleko<br \/>Coben Harlan, Pomy\u015bl dwa razy<br \/>Coben Harlan, Tylko jedno spojrzenie<br \/>Coetzee J. M., \u017bywoty zwierz\u0105t<br \/>Collin Catherine, Psychologia<br \/>Covey Stephen R., 7 nawyk\u00f3w skutecznego dzia\u0142ania<br \/>Czarnkowska Mariola, Terapia funkcji poznawczych<br \/>Czejarek Roman, Sekrety Szczecina<br \/>Czejarek Roman, Sekrety Pomorza Zachodniego<br \/>Czubaszek Maria, Ka\u017cdy szczyt ma sw\u00f3j Czubaszek<\/p><p>Deaver Jeffery, Puste krzes\u0142o<br \/>Demick Barbara, \u015awiatu nie mamy czego zazdro\u015bci\u0107<br \/>Desseilles Martin, ADHD<br \/>Dick Philip K., P\u0142y\u0144cie \u0142zy moje, rzek\u0142 policjant<br \/>Didion Joan, South and west (ksi\u0105\u017cka w j. angielskim)<br \/>Dimaline Cherie, Pie\u015bni \u017ca\u0142obne dla umieraj\u0105cych dziewcz\u0105t<br \/>Dobbs, Wehiku\u0142 czasu<br \/>Dobelli Rolf, The art of thinking clearly (ksi\u0105\u017cka w j. angielskim)<br \/>Domaradzki Krzysztof, Prze\u0142\u0119cz<br \/>Doom Erin, Rze\u017abiarz \u0142ez<br \/>Drews C. G., Ch\u0142opak, kt\u00f3ry okrada\u0142 domy i dziewczyna, kt\u00f3ra skrad\u0142a jego serce<br \/>Dzik Les\u0142aw, Szkolne lifehacki<\/p><p>Erikson Thomas, Surrounded psychopaths (ksi\u0105\u017cka w j. angielskim)<br \/>Erikson Tromas, Surrounded by idiots (ksi\u0105\u017cka w j. angielskim)<\/p><p>Filipiak Dorota, Bug z Tob\u0105<br \/>Flis Joanna, Co ze mn\u0105 nie tak?<br \/>Follett Ken, Filary Ziemi<br \/>Follett Ken, Niech stanie si\u0119 \u015bwiat\u0142o\u015b\u0107<br \/>Follett Ken, S\u0142up ognia<br \/>Follett Ken, Zbroja \u015bwiat\u0142a<br \/>Follett Ken, \u015awiat bez ko\u0144ca<\/p><p>Garkowska Ma\u0142gorzata, Wyb\u00f3r matki<br \/>Garmus Bonnie, Lekcje chemii<br \/>Gierszewska Marianna, Pocz\u0105tek wszystkiego<br \/>Gnatowska Ewa, Porozmawiaj ze mn\u0105!<br \/>Godlewska Teresa, 66 powod\u00f3w do szcz\u0119\u015bcia<br \/>Golding William, Lord of the flies (ksi\u0105\u017cka w j. angielskim)<br \/>Gortych S\u0142awomir, Schronisko kt\u00f3re przesta\u0142o istnie\u0107<br \/>Gortych S\u0142awomir, Schronisko kt\u00f3re przetrwa\u0142o<br \/>Gortych S\u0142awomir, Schronisko kt\u00f3re spowija\u0142 mrok<br \/>Gortych S\u0142awomir, Schronisko, kt\u00f3re zosta\u0142o zapomniane<br \/>Green John, Antropocen<br \/>Green John, Tuberkuloza<br \/>Grzeba\u0142kowska Magdalena, Dezorientacje. Biografia Marii Konopnickiej<br \/>Grzelak Marcin, Pu\u0142apka na anio\u0142y<br \/>Grzelak Marcin, Beksa<br \/>Grzelak Marcin, Martwe mleko<br \/>G\u0142adzik Agnieszka, Niepokorni<\/p><p>Hamilton Tim, 451\u00b0 Fahrenheita<br \/>Han Jenny, PS Wci\u0105\u017c ci\u0119 kocham<br \/>Han Jenny, Zawsze i na zawsze<br \/>Han Jenny, Do wszystkich ch\u0142opc\u00f3w, kt\u00f3rych kocha\u0142am<br \/>Hannah Kristin, Kobiety<br \/>Hannah Kristin, Prawdziwe kolory<br \/>Hansen Anders, Wyloguj sw\u00f3j m\u00f3zg<br \/>Harmel Kristin, \u017bona winiarza<br \/>Harmel Kristin, Dom przy ulicy Am\u00e9lie<br \/>Harris Robert, Konklawe<br \/>Har\u0142ukowicz-Niemczynow Anna, Bluszcz<br \/>Har\u0142ukowicz-Niemczynow Anna, Ciche cuda<br \/>Har\u0142ukowicz-Niemczynow Anna, Kt\u00f3r\u0119dy do raju<br \/>Hasan Mehdi, Wygrywaj argumentami<br \/>Hayes Louise L., W pu\u0142apce my\u015bli &#8211; dla nastolatk\u00f3w<br \/>Heath Chris, Reveal (ksi\u0105\u017cka w j. angielskim)<br \/>Helbig Brigitta, W imi\u0119 matki i c\u00f3rki<br \/>Herbert Frank, B\u00f3g Imperator Diuny<br \/>Herbert Frank, Dzieci Diuny<br \/>Herbert Frank, Heretycy Diuny<br \/>Herbert Frank, Kapitularz Diun\u0105<br \/>Herbert Frank, Diuna<br \/>Herbert Frank, Dune (ksi\u0105\u017cka w j. angielskim)<br \/>Herman Leszek, Ideburga. Igranie z ogniem<br \/>Herman Leszek, Sedinum. Wiadomo\u015b\u0107 z podziemi<br \/>Higashida Naoki, Dlaczego podskakuj\u0119<br \/>Higashino Keigo, Cuda za rogiem<br \/>Hill Samantha Rose, Hannah Arendt (ksi\u0105\u017cka w j. angielskim)<br \/>Hinz Magdalena, Uwaga! Koncentruj\u0119 si\u0119!<br \/>Hong Cathy Park, Pomniejsze uczucia<br \/>Ho\u0142ub Jacek, Wszystko mam bardziej<br \/>Ho\u0142ub Jacek, \u017beby umar\u0142o przede mn\u0105<br \/>Humble Kate, A year of living simply (ksi\u0105\u017cka w j. angielskim)<br \/>Hunter Erin, Pierwsza bitwa<br \/>Hunter Erin, Szlak s\u0142o\u0144ca<br \/>Hunter Erin, Uderzenie Pioruna<\/p><p>It\u014d Shiori, Czarna skrzynka<br \/>Iwasi\u0142\u00f3w Inga, Bambino<br \/>Iwasi\u0142\u00f3w Inga, P\u00f3\u017ane \u017cycie<\/p><p>Jacoby Marcin, Tajwan<br \/>Janicki Kamil, Dziesi\u0119cina<br \/>Janicki Kamil, Pa\u0144szczyzna<br \/>Janicki Kamil, Warcholstwo<br \/>Janiszewska Izabela, Nieznajomi<br \/>Jeli\u0144ska Justyna, S\u0105siadka<br \/>Jeromin-Ga\u0142uszka Gra\u017cyna, Sko\u0144czy\u0142y mi si\u0119 oczy<br \/>Jucewicz Agnieszka, Czuj\u0105c. Rozmowy o emocjach<br \/>Jurek Anna, Skoncentruj si\u0119<br \/>Jurszo Robert, Spotkania z nag\u0105 ma\u0142p\u0105<br \/>J\u00f3\u017awiak Jaros\u0142aw, 107 mit\u00f3w o ADHD czyli jak mierzy\u0107 si\u0119 z niewiedz\u0105<br \/>J\u00f3\u017awiak Jaros\u0142aw, Z tego si\u0119 nie wyrasta. Kompendium ADHD<\/p><p>Kaczkowski Jan, Dasz rad\u0119<br \/>Kaczkowski Jan, Grunt pod nogami<br \/>Kaczkowski Jan, \u017bycie na pe\u0142nej petardzie czyli Wiara, pol\u0119dwica i mi\u0142o\u015b\u0107<br \/>Kaczmarzyk Marek, Szko\u0142a neuron\u00f3w<br \/>Kahneman Daniel, Thinking, Fast and Slow (ksi\u0105\u017cka w j. angielskim)<br \/>Kania Przemys\u0142aw, Wyra\u017anie, dok\u0142adnie, precyzyjnie<br \/>Karda\u015b Aleksandra, Nauka o klimacie<br \/>Kaysen Susanna, Przerwana lekcja muzyki<br \/>Khan Hiba, Noor The extraordinary life of Malala Yousafzai (ksi\u0105\u017cka w j. angielskim)<br \/>Kijas Agnieszka, Olga Bozna\u0144ska<br \/>King Stephen, Zielona mila<br \/>Kinney Jeff, Bia\u0142a gor\u0105czka<br \/>Kinney Jeff, Droga przez m\u0119k\u0119<br \/>Kinney Jeff, Dziennik cwaniaczka<br \/>Kinney Jeff, Przykra prawda<br \/>Kinney Jeff, Rodrick rz\u0105dzi<br \/>Kinney Jeff, Szczyt wszystkiego<br \/>Kinney Jeff, Trzeci do pary<br \/>Kinney Jeff, Ubaw po pachy<br \/>Kinney Jeff, Zezowate szcz\u0119\u015bcie<br \/>Konieczna Dorota, Problemy z komunikacj\u0105<br \/>Kopi\u0144ska Justyna, Czy B\u00f3g wybaczy siostrze Bernadetcie?<br \/>Kopi\u0144ska Justyna, Lekarstwo dla duszy<br \/>Korendo Marta, Od s\u0142owa do s\u0142owa<br \/>Kosik Rafa\u0142, Vertical<br \/>Kozak Agnieszka, Uwi\u0119zieni we w\u0142asnej g\u0142owie<br \/>Kozio\u0142ek Krzysztof, Nad \u015bnie\u017cnymi kot\u0142ami<br \/>Krasznahorkai L\u00e1szl\u00f3, A \u015bwiat trwa<br \/>Krauze Gabriel, Tu byli, tak stali<br \/>Kuchmister Agnieszka, Nadzieja od zwierz\u0105t<br \/>Kuciel-Frydryszak Joanna, I\u0142\u0142a<br \/>Kuciel-Frydryszak Joanna, S\u0142u\u017c\u0105ce do wszystkiego<br \/>Kusz-Neumann Urszula, Czarny \u015bwit<br \/>K\u0105cka Eliza, Wczoraj by\u0142a\u015b z\u0142a na zielono<\/p><p>Lee Harper, To kill a mockingbird (ksi\u0105\u017cka w j. angielskim)<br \/>Lem Stanis\u0142aw, Niezwyci\u0119\u017cony<br \/>Lem Stanis\u0142aw, Powr\u00f3t z gwiazd<br \/>Lemoine Christophe, Wyspa skarb\u00f3w<br \/>Link Charlotte, Ciemna woda<br \/>Link Charlotte, Nieproszony go\u015b\u0107<br \/>Link Charlotte, Oszukana<br \/>Lo Bianco Fabrizio, 20 000 mil podmorskiej \u017ceglugi (komiks)<br \/>Lo Bianco Fabrizio, Trzej muszkieterowie (komiks)<\/p><p>\u0141enyk-Barszcz Joanna, Sekretna galeria<br \/>\u0141enyk-Barszcz Joanna, Wielkie sekrety arcydzie\u0142 sztuki<br \/>\u0141uczy\u0144ski Micha\u0142, Mitologia s\u0142owia\u0144ska dla m\u0142odego czytelnika<br \/>\u0141ysiak Waldemar, Pan Juliusz<br \/>\u0141yskawa Jul, Prawdziwa historia Jeffreya Watersa i jego ojc\u00f3w<\/p><p>Malita-Bekier Monika, Razem a\u017c po szczyt<br \/>Malita-Bekier Monika, Na nowych fundamentach<br \/>Malita-Bekier Monika, Odda\u0142e\u015b mi siebie<br \/>Marciszewska Katarzyna, Owieczka<br \/>Marrs John, Zabi\u0142a\u015b mnie pierwsza<br \/>Ma\u0142ecki Jakub, Rdza<br \/>Ma\u0142ecki Jakub, Saturnin<br \/>Ma\u0142ecki Jakub, \u015alady<br \/>McDonald Bernadette, Wyj\u015bcie z cienia<br \/>McEwan Ian, Pokuta<br \/>McFadden Freida, Idealny syn<br \/>McFadden Freida, Nauczyciele<br \/>McFadden Freida, Nie k\u0142am<br \/>McFadden Freida, Pomoc domowa<br \/>McFadden Freida, Pomoc domowa Sekret<br \/>McFadden Freida, The Tenant (ksi\u0105\u017cka w j. angielskim)<br \/>McFadden Freida, Wypadek<br \/>McFadden Freida, Zamkni\u0119te drzwi<br \/>Mizumura Minae, Prawdziwa powie\u015b\u0107<br \/>Montgomery Lucy, Maud Anne of Green Gables (ksi\u0105\u017cka w j. angielskim)<br \/>Moore Susie, Nie wszyscy musz\u0105 ci\u0119 lubi\u0107<br \/>Mr\u00f3z Remigiusz, Czarna Madonna<br \/>Mull Brandon, Ba\u015bniob\u00f3r<br \/>Mull Brandon, Gwiazda Wieczorna wschodzi<br \/>Murek Weronika, Dziewczynki<br \/>Murek Weronika, Feinweinblein<\/p><p>Nesb\u00f8 Jo, Czerwone gard\u0142o<br \/>Nesb\u00f8 Jo, Krwawy ksi\u0119\u017cyc<br \/>Nesb\u00f8 Jo, Pierwszy \u015bnieg<br \/>Nesb\u00f8 Jo, Kr\u00f3lestwo<br \/>Niedzielska-Czy\u017c Katarzyna, Miej wyje**ne, b\u0119dzie ci dane<br \/>Niemczynow Anna H., Dziewczyna z warkoczami<br \/>Niemczynow Anna H., Jej portret<br \/>Niemczynow Anna H., Jeszcze w zielone gramy<\/p><p>Ohme Rafa\u0142 Krzysztof, Emo sapiens 2<br \/>Olejniczak-Skarsg\u00e5rd Maria, Dublerka<br \/>Osi\u0144ska Natalia, Fluff<br \/>Ostertag Molly Knox, Dziewczyna z g\u0142\u0119bi oceanu<\/p><p>Palacios Gabriel, Jak przesta\u0107 si\u0119 ba\u0107 &#8211; uwolnij si\u0119 od l\u0119ku i strachu<br \/>Paris B. A., Na skraju za\u0142amania<br \/>Paris B. A., Przyjaci\u00f3\u0142ka<br \/>Paris B. A., Terapeutka<br \/>Paris B. A., Za zamkni\u0119tymi drzwiami<br \/>Pellet David, Don Kichot (komiks)<br \/>Perrin Val\u00e9rie, Colette<br \/>Perrin Val\u00e9rie, Cudowne lata<br \/>Petitcollin Christel, Jak chroni\u0107 swoje dziecko przed manipulacjami toksycznego rodzica<br \/>Petitcollin Christel, Jak lepiej my\u015ble\u0107<br \/>Petitcollin Christel, Jak mniej my\u015ble\u0107<br \/>Petitcollin Christel, Jak mniej si\u0119 m\u0119czy\u0107 w zwyczajnym \u015bwiecie<br \/>Petitcollin Christel, Jak nie da\u0107 sob\u0105 manipulowa\u0107<br \/>Petitcollin Christel, Pom\u00f3\u017c dziecku mniej my\u015ble\u0107<br \/>Petre Piter, Total Recall (ksi\u0105\u017cka w j. angielskim)<br \/>Podlipna Karolina, Bucket list<br \/>Power TJ, Zdrowa dawka DOSE<br \/>Prideaux Sue, I Am Dynamite! (ksi\u0105\u017cka w j. angielskim)<br \/>Prusinowska Edyta, Jad, kt\u00f3ry w nas p\u0142ynie<br \/>Prusinowska Edyta, Krew, kt\u00f3ra nas dzieli<br \/>Purja Nimsdai, Beyond possible (ksi\u0105\u017cka w j. angielskim)<br \/>Puzo Mario, Ojciec Chrzestny<br \/>Pu\u015bcikowska Agata, Wojenne siostry<br \/>Pa\u0142czak Agnieszka, Pewnego razu w Szczecinie<\/p><p>Ridel Curd, Podr\u00f3\u017c do wn\u0119trza Ziemi<br \/>Riordan Rick, Bitwa w Labiryncie<br \/>Riordan Rick, Krew Olimpu<br \/>Riordan Rick, Ostatni Olimpijczyk<br \/>Riordan Rick, Syn Neptuna<br \/>Riordan Rick, Zagubiony heros<br \/>Ristujczina Luba, Alfons Mucha<br \/>Ristujczina Luba, Jan Matejko<br \/>Ristujczina Luba, J\u00f3zef Mehoffer<br \/>Ristujczina Luba, Stanis\u0142aw Wyspia\u0144ski<br \/>Rosi\u0144ski Grzegorz, The master of the mountains (ksi\u0105\u017cka w j. angielskim)<br \/>Rudnicka Olga, Drugi przekr\u0119t Natalii<br \/>Rudnicka Olga, Mi\u0142e Natalii pocz\u0105tki<br \/>Rudnicka Olga, Na psa urok, o\u015bci \u015bledzia<br \/>Rudnicka Olga, Na w\u0142asn\u0105 r\u0119k\u0119<br \/>Rudnicka Olga, Zgi\u0144, przepadnij<br \/>Rudnickka Olga, Nieszcz\u0119\u015bcie w szcz\u0119\u015bciu<br \/>Rustad Harley, Zagubiony w Dolinie \u015amierci<br \/>Rz\u0105dzka Mira, Oddech<\/p><p>Salinger J. D., The catcher in the rye (ksi\u0105\u017cka w j. angielskim)<br \/>Sanderson Brandon, Bohater wiek\u00f3w<br \/>Sanderson Brandon, Rozjemca<br \/>Sanderson Brandon, Studnia wst\u0105pienia<br \/>Sanderson Brandon, Z mg\u0142y zrodzony<br \/>Sapolsky Robert, Behave (ksi\u0105\u017cka w j. angielskim)<br \/>Shelley Mary, Wollstonecraft Frankenstein (ksi\u0105\u017cka w j. angielskim)<br \/>Shusterman Neal, Kosiarze<br \/>Shusterman Neal, Thunderhead (ksi\u0105\u017cka w j. angielskim)<br \/>Shusterman Neal, \u017bniwo<br \/>Skopi\u0144ska-R\u00f3zewska Ewa, Mieszkanki socjalistycznego klasztoru<br \/>Skurzy\u0144ski Jaros\u0142aw, Z\u0142y syn<br \/>Smith Amber, Ju\u017c nie ma tamtej mnie<br \/>Sparkes Amy, Dom na skraju magii<br \/>Stelar Marek, Czarna wdowa<br \/>Stelar Marek, Krzywda<br \/>Stelar Marek, K\u0105tnik<br \/>Stelar Marek, Milczenie<br \/>Stelar Marek, Przegrana<br \/>Stelar Marek, Ptasznik<br \/>Stelar Marek, Skrucha<br \/>Stelar Marek, Wybrana<br \/>Stevenson Robert, Louis Doktor Jekyll i pan Hyde (ksi\u0105\u017cka w j. angielskim)<br \/>Strzelecka Marta, Ziemianki<br \/>Surmiak-Doma\u0144ska Katarzyna, Ku Klux Klan<br \/>Szczygie\u0142 Mariusz, Nie ma<br \/>Szczygie\u0142 Mariusz, Niedziela, kt\u00f3ra zdarzy\u0142a si\u0119 w \u015brod\u0119<br \/>Szczygie\u0142 Mariusz, Osobisty przewodnik po Pradze<br \/>Szczy\u017cowski Jaros\u0142aw, B\u0142\u0119dne \u0142\u0105ki<br \/>Szubrycht Monika, Autyzm<br \/>Szubrycht Monika, Za dobrze si\u0119 maskowa\u0142am<br \/>\u015awi\u0119cicka Joanna, Ucze\u0144 z zespo\u0142em Aspergera<\/p><p>Tartt Donna, The Goldfinch (ksi\u0105\u017cka w j. angielskim)<br \/>Taylor Craig, Londoners (ksi\u0105\u017cka w j. angielskim)<br \/>Tracy Brian, Eat that frog! (ksi\u0105\u017cka w j. angielskim)<br \/>Tran Trang Thanh, Nakarmi\u0119 ci\u0119 strachem<br \/>Trojanowska Sylwia, C\u00f3rki czarnego munduru<br \/>Trojanowska Sylwia, Kobieta o bia\u0142ych oczach<br \/>Trojanowska Sylwia, Trylogia szczeci\u0144ska<br \/>Trojanowska Sylwia, \u0141ab\u0119d\u017a<br \/>Trojanowska Sylwia, \u017bona nazisty<br \/>Twardoch Szczepan, Kr\u00f3l<\/p><p>Walencik-Topi\u0142ko Anna, G\u0142os jako narz\u0119dzie<br \/>Wang Maya Lin, Miecz Kaigenu<br \/>Waszak-Jurgiel Natalia, O smaku brzoskwiniowej kawy<br \/>Weeks Marcus, Filozofia<br \/>Wegner Robert M., Ka\u017cde martwe marzenie<br \/>Wegner Robert M., Niebo ze stali<br \/>Wegner Robert M., Opowie\u015bci z meekha\u0144skiego pogranicza<br \/>Wegner Robert M., Pami\u0119\u0107 wszystkich s\u0142\u00f3w<br \/>Wiemer Liza, Zadanie domowe<br \/>Wilde Oscar, The picture of Dorian Gray (ksi\u0105\u017cka w j. angielskim)<br \/>Woydy\u0142\u0142o Ewa, Szcz\u0119\u015bcia mo\u017cna si\u0119 nauczy\u0107<br \/>Woydy\u0142\u0142o Ewa, Zakr\u0119ty \u017cycia<br \/>Wr\u00f3bel Agata, Agata Wr\u00f3bel<br \/>Wysocza\u0144ska Barbara, Kolaborantka<\/p><p>Yarros Rebecca, Fourth wing <br \/>Yoon Nicola, Ponad wszystko<\/p><p>Zajdel Janusz Andrzej, Ca\u0142a prawda o planecie Ksi<br \/>Zajdel Janusz Andrzej, Wyj\u015bcie z cienia<br \/>Zajdel Janusz, Andrzej, Drugie spojrzenie na planet\u0119 Ksi<br \/>Zajdel Janusz, Andrzej, Limes inferior<br \/>Zajdel Janusz Andrzej, Relacja z pierwszej r\u0119ki<br \/>Ziemia\u0144ski Andrzej, Achaja<br \/>Zientek Sylwia, Blask Montparnasse&#8217;u<br \/>Zientek Sylwia, Polki na Montparnassie<\/p>\t\t\t\t\t\t\t\t<\/div>\n\t\t\t\t\t<\/div>\n\t\t\t\t<\/div>\n\t\t\t\t<\/div>\n\t\t","protected":false},"excerpt":{"rendered":"<p>Rok 2025\/2026 Aaronovitch Ben, Rzeki LondynuAbercrombie Joe, P\u00f3\u0142 kr\u00f3laAbercrombie Joe, P\u00f3\u0142 wojnyAbercrombie Joe, P\u00f3\u0142 \u015bwiata Baranowska Wanda, Nauczyciel a ucze\u0144 z ADHD Bardet Daniel, N\u0119dznicy (komiks)Bardet Daniel, Pani Bovary (komiks)Barszcz Przemys\u0142aw, Tajemnice dzie\u0142 sztuki Bastek Gra\u017cyna, Ilustrownik Bastek Gra\u017cyna, Rozmowy obraz\u00f3w Bator Joanna, Ciemno, prawie nocBator Joanna, Japo\u0144ski wachlarzBator Joanna, Wyspa \u0141za od nowaBennett Joe, [&hellip;]<\/p>\n","protected":false},"author":2,"featured_media":0,"parent":0,"menu_order":0,"comment_status":"closed","ping_status":"closed","template":"","meta":{"footnotes":""},"categories":[],"tags":[],"class_list":["post-1777","page","type-page","status-publish","hentry"],"_links":{"self":[{"href":"https:\/\/lozoi.szczecin.pl\/autoinstalator\/wordpressplugins\/index.php\/wp-json\/wp\/v2\/pages\/1777","targetHints":{"allow":["GET"]}}],"collection":[{"href":"https:\/\/lozoi.szczecin.pl\/autoinstalator\/wordpressplugins\/index.php\/wp-json\/wp\/v2\/pages"}],"about":[{"href":"https:\/\/lozoi.szczecin.pl\/autoinstalator\/wordpressplugins\/index.php\/wp-json\/wp\/v2\/types\/page"}],"author":[{"embeddable":true,"href":"https:\/\/lozoi.szczecin.pl\/autoinstalator\/wordpressplugins\/index.php\/wp-json\/wp\/v2\/users\/2"}],"replies":[{"embeddable":true,"href":"https:\/\/lozoi.szczecin.pl\/autoinstalator\/wordpressplugins\/index.php\/wp-json\/wp\/v2\/comments?post=1777"}],"version-history":[{"count":16,"href":"https:\/\/lozoi.szczecin.pl\/autoinstalator\/wordpressplugins\/index.php\/wp-json\/wp\/v2\/pages\/1777\/revisions"}],"predecessor-version":[{"id":1817,"href":"https:\/\/lozoi.szczecin.pl\/autoinstalator\/wordpressplugins\/index.php\/wp-json\/wp\/v2\/pages\/1777\/revisions\/1817"}],"wp:attachment":[{"href":"https:\/\/lozoi.szczecin.pl\/autoinstalator\/wordpressplugins\/index.php\/wp-json\/wp\/v2\/media?parent=1777"}],"wp:term":[{"taxonomy":"category","embeddable":true,"href":"https:\/\/lozoi.szczecin.pl\/autoinstalator\/wordpressplugins\/index.php\/wp-json\/wp\/v2\/categories?post=1777"},{"taxonomy":"post_tag","embeddable":true,"href":"https:\/\/lozoi.szczecin.pl\/autoinstalator\/wordpressplugins\/index.php\/wp-json\/wp\/v2\/tags?post=1777"}],"curies":[{"name":"wp","href":"https:\/\/api.w.org\/{rel}","templated":true}]}}