{"id":1763,"date":"2026-02-20T16:53:39","date_gmt":"2026-02-20T15:53:39","guid":{"rendered":"https:\/\/lozoi.szczecin.pl\/autoinstalator\/wordpressplugins\/?page_id=1763"},"modified":"2026-02-20T17:00:55","modified_gmt":"2026-02-20T16:00:55","slug":"narodowy-program-rozwoju-czytelnictwa","status":"publish","type":"page","link":"https:\/\/lozoi.szczecin.pl\/autoinstalator\/wordpressplugins\/index.php\/narodowy-program-rozwoju-czytelnictwa\/","title":{"rendered":"Narodowy Program Rozwoju Czytelnictwa 2.0"},"content":{"rendered":"\t\t<div data-elementor-type=\"wp-page\" data-elementor-id=\"1763\" class=\"elementor elementor-1763\">\n\t\t\t\t<div class=\"elementor-element elementor-element-3cafb4d e-flex e-con-boxed e-con e-parent\" data-id=\"3cafb4d\" data-element_type=\"container\" data-e-type=\"container\">\n\t\t\t\t\t<div class=\"e-con-inner\">\n\t\t\t\t<div class=\"elementor-element elementor-element-029f868 elementor-widget elementor-widget-text-editor\" data-id=\"029f868\" data-element_type=\"widget\" data-e-type=\"widget\" data-widget_type=\"text-editor.default\">\n\t\t\t\t\t\t\t\t\t<p><img fetchpriority=\"high\" decoding=\"async\" class=\"size-medium wp-image-1673 alignleft\" src=\"https:\/\/lozoi.szczecin.pl\/autoinstalator\/wordpressplugins\/wp-content\/uploads\/2026\/01\/NPRCz-1-300x169.png\" alt=\"Na jasnoniebieskim tle przedstawione jest logo Narodowego Programu Rozwoju Czytelnictwa 2.0. Po lewej stronie znajduj\u0105 si\u0119 stylizowane, czarne litery i symbole tworz\u0105ce znak graficzny programu. Po prawej widnieje czarny napis: \u2018Narodowy Program Rozwoju Czytelnictwa 2.0\u2019. W lewym dolnym rogu umieszczono ilustracj\u0119 p\u00f3\u0142ek wype\u0142nionych kolorowymi ksi\u0105\u017ckami.\" width=\"300\" height=\"169\" srcset=\"https:\/\/lozoi.szczecin.pl\/autoinstalator\/wordpressplugins\/wp-content\/uploads\/2026\/01\/NPRCz-1-300x169.png 300w, https:\/\/lozoi.szczecin.pl\/autoinstalator\/wordpressplugins\/wp-content\/uploads\/2026\/01\/NPRCz-1-1024x576.png 1024w, https:\/\/lozoi.szczecin.pl\/autoinstalator\/wordpressplugins\/wp-content\/uploads\/2026\/01\/NPRCz-1-768x432.png 768w, https:\/\/lozoi.szczecin.pl\/autoinstalator\/wordpressplugins\/wp-content\/uploads\/2026\/01\/NPRCz-1-1536x864.png 1536w, https:\/\/lozoi.szczecin.pl\/autoinstalator\/wordpressplugins\/wp-content\/uploads\/2026\/01\/NPRCz-1.png 1920w\" sizes=\"(max-width: 300px) 100vw, 300px\" \/>Jest nam przyjemnie poinformowa\u0107, \u017ce w 2025 roku zrealizowali\u015bmy <strong>Narodowy Program Rozwoju Czytelnictwa 2.0.<\/strong><\/p>\n<p><!-- \/wp:paragraph --><!-- wp:paragraph --><\/p>\n<p>Dzi\u0119ki dotacji z Wydzia\u0142u O\u015bwiaty Urz\u0119du Miasta Szczecin w wysoko\u015bci 12 tysi\u0119cy z\u0142otych oraz 3 tysi\u0105com wk\u0142adu w\u0142asnego biblioteka szkolna zosta\u0142a doposa\u017cona w nowo\u015bci wydawnicze, uwzgl\u0119dniaj\u0105ce zainteresowania uczni\u00f3w oraz rekomendacje nauczycieli i rodzic\u00f3w.<\/p>\n<p><!-- \/wp:paragraph --><!-- wp:paragraph --><\/p>\n<p>W ramach programu zakupili\u015bmy <strong>276<\/strong> ksi\u0105\u017cek, a tak\u017ce nowe meble.<\/p>\n<p><!-- \/wp:paragraph --><!-- wp:paragraph --><\/p>\n<p>Podczas realizacji programu podj\u0119li\u015bmy r\u00f3wnie\u017c dzia\u0142ania promuj\u0105ce czytelnictwo: zaj\u0119cia czytelnicze, akcje biblioteczne, projekty edukacyjne oraz wsp\u00f3\u0142prac\u0119 z instytucjami kultury i Ksi\u0105\u017cnic\u0105 Pomorsk\u0105.<\/p>\n<p><!-- \/wp:paragraph --><!-- wp:paragraph --><\/p>\n<p>Celem Narodowego Programu Rozwoju Czytelnictwa 2.0 by\u0142o rozwijanie i promowanie czytelnictwa w\u015br\u00f3d uczni\u00f3w oraz wzmocnienie roli biblioteki szkolnej.<\/p>\n<p><!-- \/wp:paragraph --><!-- wp:paragraph --><\/p>\n<p><strong>Zach\u0119camy naszych uczni\u00f3w oraz ich rodzic\u00f3w do cz\u0119stych odwiedzin w bibliotece szkolnej<\/strong><\/p>\n<p><!-- \/wp:paragraph --><!-- wp:paragraph --><\/p>\n<p>\u00a0<\/p>\n<p><!-- \/wp:paragraph --><\/p>\t\t\t\t\t\t\t\t<\/div>\n\t\t\t\t\t<\/div>\n\t\t\t\t<\/div>\n\t\t\t\t<\/div>\n\t\t","protected":false},"excerpt":{"rendered":"<p>Jest nam przyjemnie poinformowa\u0107, \u017ce w 2025 roku zrealizowali\u015bmy Narodowy Program Rozwoju Czytelnictwa 2.0. Dzi\u0119ki dotacji z Wydzia\u0142u O\u015bwiaty Urz\u0119du Miasta Szczecin w wysoko\u015bci 12 tysi\u0119cy z\u0142otych oraz 3 tysi\u0105com wk\u0142adu w\u0142asnego biblioteka szkolna zosta\u0142a doposa\u017cona w nowo\u015bci wydawnicze, uwzgl\u0119dniaj\u0105ce zainteresowania uczni\u00f3w oraz rekomendacje nauczycieli i rodzic\u00f3w. W ramach programu zakupili\u015bmy 276 ksi\u0105\u017cek, a tak\u017ce [&hellip;]<\/p>\n","protected":false},"author":2,"featured_media":1673,"parent":0,"menu_order":0,"comment_status":"closed","ping_status":"closed","template":"","meta":{"footnotes":""},"categories":[],"tags":[],"class_list":["post-1763","page","type-page","status-publish","has-post-thumbnail","hentry"],"_links":{"self":[{"href":"https:\/\/lozoi.szczecin.pl\/autoinstalator\/wordpressplugins\/index.php\/wp-json\/wp\/v2\/pages\/1763","targetHints":{"allow":["GET"]}}],"collection":[{"href":"https:\/\/lozoi.szczecin.pl\/autoinstalator\/wordpressplugins\/index.php\/wp-json\/wp\/v2\/pages"}],"about":[{"href":"https:\/\/lozoi.szczecin.pl\/autoinstalator\/wordpressplugins\/index.php\/wp-json\/wp\/v2\/types\/page"}],"author":[{"embeddable":true,"href":"https:\/\/lozoi.szczecin.pl\/autoinstalator\/wordpressplugins\/index.php\/wp-json\/wp\/v2\/users\/2"}],"replies":[{"embeddable":true,"href":"https:\/\/lozoi.szczecin.pl\/autoinstalator\/wordpressplugins\/index.php\/wp-json\/wp\/v2\/comments?post=1763"}],"version-history":[{"count":11,"href":"https:\/\/lozoi.szczecin.pl\/autoinstalator\/wordpressplugins\/index.php\/wp-json\/wp\/v2\/pages\/1763\/revisions"}],"predecessor-version":[{"id":1776,"href":"https:\/\/lozoi.szczecin.pl\/autoinstalator\/wordpressplugins\/index.php\/wp-json\/wp\/v2\/pages\/1763\/revisions\/1776"}],"wp:featuredmedia":[{"embeddable":true,"href":"https:\/\/lozoi.szczecin.pl\/autoinstalator\/wordpressplugins\/index.php\/wp-json\/wp\/v2\/media\/1673"}],"wp:attachment":[{"href":"https:\/\/lozoi.szczecin.pl\/autoinstalator\/wordpressplugins\/index.php\/wp-json\/wp\/v2\/media?parent=1763"}],"wp:term":[{"taxonomy":"category","embeddable":true,"href":"https:\/\/lozoi.szczecin.pl\/autoinstalator\/wordpressplugins\/index.php\/wp-json\/wp\/v2\/categories?post=1763"},{"taxonomy":"post_tag","embeddable":true,"href":"https:\/\/lozoi.szczecin.pl\/autoinstalator\/wordpressplugins\/index.php\/wp-json\/wp\/v2\/tags?post=1763"}],"curies":[{"name":"wp","href":"https:\/\/api.w.org\/{rel}","templated":true}]}}