{"id":1024,"date":"2025-06-30T19:06:26","date_gmt":"2025-06-30T17:06:26","guid":{"rendered":"https:\/\/lozoi.szczecin.pl\/autoinstalator\/wordpressplugins\/?page_id=1024"},"modified":"2025-11-07T18:27:49","modified_gmt":"2025-11-07T17:27:49","slug":"zakladowy-fundusz-swiadczen-socjalnych","status":"publish","type":"page","link":"https:\/\/lozoi.szczecin.pl\/autoinstalator\/wordpressplugins\/index.php\/zakladowy-fundusz-swiadczen-socjalnych\/","title":{"rendered":"Zak\u0142adowy Fundusz \u015awiadcze\u0144 Socjalnych"},"content":{"rendered":"\t\t<div data-elementor-type=\"wp-page\" data-elementor-id=\"1024\" class=\"elementor elementor-1024\">\n\t\t\t\t<div class=\"elementor-element elementor-element-7af59a2 e-flex e-con-boxed e-con e-parent\" data-id=\"7af59a2\" data-element_type=\"container\" data-e-type=\"container\">\n\t\t\t\t\t<div class=\"e-con-inner\">\n\t\t\t\t<div class=\"elementor-element elementor-element-0112c3d elementor-widget elementor-widget-text-editor\" data-id=\"0112c3d\" data-element_type=\"widget\" data-e-type=\"widget\" data-widget_type=\"text-editor.default\">\n\t\t\t\t\t\t\t\t\t<ul><li><a href=\"https:\/\/lozoi.szczecin.pl\/autoinstalator\/wordpressplugins\/wp-content\/uploads\/2025\/11\/Regulamin-ZFSS-LOzOI-20.10.2025_z_zalacznikami.pdf\">Regulamin ZF\u015aS<\/a><\/li><li><a href=\"https:\/\/lozoi.szczecin.pl\/autoinstalator\/wordpressplugins\/wp-content\/uploads\/2025\/06\/Klauzula-informacyjna.pdf\">Klauzula informacyjna<\/a><\/li><\/ul><p><strong>Wnioski do pobrania:<\/strong><\/p><ul><li><a href=\"https:\/\/lozoi.szczecin.pl\/autoinstalator\/wordpressplugins\/wp-content\/uploads\/2025\/11\/Zalacznik-nr-3.pdf\">Za\u0142\u0105cznik 3<\/a><\/li><li><a href=\"https:\/\/lozoi.szczecin.pl\/autoinstalator\/wordpressplugins\/wp-content\/uploads\/2025\/11\/Zalacznik-nr-4.pdf\">Za\u0142\u0105cznik 4<\/a><\/li><li><a href=\"https:\/\/lozoi.szczecin.pl\/autoinstalator\/wordpressplugins\/wp-content\/uploads\/2025\/11\/Zalacznik-nr-5.pdf\">Za\u0142\u0105cznik 5<\/a><\/li><li><a href=\"https:\/\/lozoi.szczecin.pl\/autoinstalator\/wordpressplugins\/wp-content\/uploads\/2025\/11\/Zalacznik-nr-6.pdf\">Za\u0142\u0105cznik 6<\/a><\/li><li><a href=\"https:\/\/lozoi.szczecin.pl\/autoinstalator\/wordpressplugins\/wp-content\/uploads\/2025\/11\/Zalacznik-nr-7.pdf\">Za\u0142\u0105cznik 7<\/a><\/li><li><a href=\"https:\/\/lozoi.szczecin.pl\/autoinstalator\/wordpressplugins\/wp-content\/uploads\/2025\/11\/Zalacznik-nr-8.pdf\">Za\u0142\u0105cznik 8<\/a><\/li><li><a href=\"https:\/\/lozoi.szczecin.pl\/autoinstalator\/wordpressplugins\/wp-content\/uploads\/2025\/11\/Zalacznik-nr-9.pdf\">Za\u0142\u0105cznik 9<\/a><\/li><li><a href=\"https:\/\/lozoi.szczecin.pl\/autoinstalator\/wordpressplugins\/wp-content\/uploads\/2025\/11\/Zalacznik-nr-10.pdf\">Za\u0142\u0105cznik 10<\/a><\/li><li><a href=\"https:\/\/lozoi.szczecin.pl\/autoinstalator\/wordpressplugins\/wp-content\/uploads\/2025\/11\/Zalacznik-nr-11.pdf\">Za\u0142\u0105cznik 11<\/a><\/li><li><a href=\"https:\/\/lozoi.szczecin.pl\/autoinstalator\/wordpressplugins\/wp-content\/uploads\/2025\/11\/Zalacznik-nr-12.pdf\">Za\u0142\u0105cznik 12<\/a><\/li><li><a href=\"https:\/\/lozoi.szczecin.pl\/autoinstalator\/wordpressplugins\/wp-content\/uploads\/2025\/11\/Zalacznik-nr-13.pdf\">Za\u0142\u0105cznik 13<\/a><\/li><\/ul>\t\t\t\t\t\t\t\t<\/div>\n\t\t\t\t\t<\/div>\n\t\t\t\t<\/div>\n\t\t\t\t<\/div>\n\t\t","protected":false},"excerpt":{"rendered":"<p>Regulamin ZF\u015aS Klauzula informacyjna Wnioski do pobrania: Za\u0142\u0105cznik 3 Za\u0142\u0105cznik 4 Za\u0142\u0105cznik 5 Za\u0142\u0105cznik 6 Za\u0142\u0105cznik 7 Za\u0142\u0105cznik 8 Za\u0142\u0105cznik 9 Za\u0142\u0105cznik 10 Za\u0142\u0105cznik 11 Za\u0142\u0105cznik 12 Za\u0142\u0105cznik 13<\/p>\n","protected":false},"author":2,"featured_media":0,"parent":0,"menu_order":0,"comment_status":"closed","ping_status":"closed","template":"","meta":{"footnotes":""},"categories":[],"tags":[],"class_list":["post-1024","page","type-page","status-publish","hentry"],"_links":{"self":[{"href":"https:\/\/lozoi.szczecin.pl\/autoinstalator\/wordpressplugins\/index.php\/wp-json\/wp\/v2\/pages\/1024","targetHints":{"allow":["GET"]}}],"collection":[{"href":"https:\/\/lozoi.szczecin.pl\/autoinstalator\/wordpressplugins\/index.php\/wp-json\/wp\/v2\/pages"}],"about":[{"href":"https:\/\/lozoi.szczecin.pl\/autoinstalator\/wordpressplugins\/index.php\/wp-json\/wp\/v2\/types\/page"}],"author":[{"embeddable":true,"href":"https:\/\/lozoi.szczecin.pl\/autoinstalator\/wordpressplugins\/index.php\/wp-json\/wp\/v2\/users\/2"}],"replies":[{"embeddable":true,"href":"https:\/\/lozoi.szczecin.pl\/autoinstalator\/wordpressplugins\/index.php\/wp-json\/wp\/v2\/comments?post=1024"}],"version-history":[{"count":13,"href":"https:\/\/lozoi.szczecin.pl\/autoinstalator\/wordpressplugins\/index.php\/wp-json\/wp\/v2\/pages\/1024\/revisions"}],"predecessor-version":[{"id":1633,"href":"https:\/\/lozoi.szczecin.pl\/autoinstalator\/wordpressplugins\/index.php\/wp-json\/wp\/v2\/pages\/1024\/revisions\/1633"}],"wp:attachment":[{"href":"https:\/\/lozoi.szczecin.pl\/autoinstalator\/wordpressplugins\/index.php\/wp-json\/wp\/v2\/media?parent=1024"}],"wp:term":[{"taxonomy":"category","embeddable":true,"href":"https:\/\/lozoi.szczecin.pl\/autoinstalator\/wordpressplugins\/index.php\/wp-json\/wp\/v2\/categories?post=1024"},{"taxonomy":"post_tag","embeddable":true,"href":"https:\/\/lozoi.szczecin.pl\/autoinstalator\/wordpressplugins\/index.php\/wp-json\/wp\/v2\/tags?post=1024"}],"curies":[{"name":"wp","href":"https:\/\/api.w.org\/{rel}","templated":true}]}}