{"id":1004,"date":"2025-06-30T18:48:55","date_gmt":"2025-06-30T16:48:55","guid":{"rendered":"https:\/\/lozoi.szczecin.pl\/autoinstalator\/wordpressplugins\/?page_id=1004"},"modified":"2025-06-30T18:58:34","modified_gmt":"2025-06-30T16:58:34","slug":"resql","status":"publish","type":"page","link":"https:\/\/lozoi.szczecin.pl\/autoinstalator\/wordpressplugins\/index.php\/resql\/","title":{"rendered":"RESQL"},"content":{"rendered":"\t\t<div data-elementor-type=\"wp-page\" data-elementor-id=\"1004\" class=\"elementor elementor-1004\">\n\t\t\t\t<div class=\"elementor-element elementor-element-f154823 e-flex e-con-boxed e-con e-parent\" data-id=\"f154823\" data-element_type=\"container\" data-e-type=\"container\">\n\t\t\t\t\t<div class=\"e-con-inner\">\n\t\t\t\t<div class=\"elementor-element elementor-element-9e8817a elementor-widget elementor-widget-text-editor\" data-id=\"9e8817a\" data-element_type=\"widget\" data-e-type=\"widget\" data-widget_type=\"text-editor.default\">\n\t\t\t\t\t\t\t\t\t<p>Drodzy Uczniowie i Rodzice!<br \/>Z rado\u015bci\u0105 informujemy, \u017ce w naszej szkole od 10 pa\u017adziernika 2024 r. b\u0119dzie dzia\u0142a\u0142 <strong>system do przeciwdzia\u0142ania i monitorowania przemocy r\u00f3wie\u015bniczej<\/strong> RESQL, kt\u00f3ry realizuje Standardy Ochrony Ma\u0142oletnich. Chcemy, aby ka\u017cdy w LOzOI czu\u0142 si\u0119 bezpiecznie, dlatego postanowili\u015bmy wdro\u017cy\u0107 narz\u0119dzie, kt\u00f3re zapewni uczniom i uczennicom mo\u017cliwo\u015b\u0107 anonimowego zg\u0142aszania niepokoj\u0105cych ich sytuacji. Dodatkowo w szkole zostali wyznaczeni i przeszkoleni nauczyciele\/nauczycielki \u2014 interwenci\/interwentki, kt\u00f3rzy b\u0119d\u0105 komunikowa\u0107 si\u0119 z uczennicami\/uczniami, za pomoc\u0105 aplikacji, a nast\u0119pnie podejmowa\u0107 odpowiednie kroki maj\u0105ce na celu pomoc w rozwi\u0105zaniu zg\u0142oszonego problemu. W przypadku <strong>bullyingu<\/strong> \u2014 przemocy r\u00f3wie\u015bniczej kluczow\u0105 rol\u0119 odgrywa profilaktyka i dobra wsp\u00f3\u0142praca spo\u0142eczno\u015bci szkolnej. W ramach projektu wychowawcy otrzymali zestaw lekcji profilaktycznych na temat dynamiki klasy i przemocy r\u00f3wie\u015bniczej, kt\u00f3re b\u0119d\u0105 prowadzone w ramach zaj\u0119\u0107 wychowawczych. Bullying to realny problem wielu uczni\u00f3w i uczennic w szko\u0142ach na ca\u0142ym \u015bwiecie. Chcemy uczy\u0107 m\u0142odzie\u017c wzajemnej troski i reagowania w bezpieczny spos\u00f3b na przemoc, poniewa\u017c jej konsekwencje s\u0105 powa\u017cne dla wszystkich: uczennic\/uczni\u00f3w do\u015bwiadczaj\u0105cych przemocy, uczennic\/uczni\u00f3w stosuj\u0105cych przemoc, a tak\u017ce \u015bwiadk\u00f3w.<\/p><ul><li><a href=\"https:\/\/lozoi.szczecin.pl\/autoinstalator\/wordpressplugins\/wp-content\/uploads\/2025\/06\/Resql-czytaj-wiecej.pdf\">Resql &#8211; czytaj wi\u0119cej<\/a><\/li><\/ul><p>Informujemy, \u017ce od <strong>13 stycznia 2025<\/strong> nast\u0105pi\u0142a <strong>zmiana technologiczna w aplikacji<\/strong> RESQL. Uczniowie, kt\u00f3rzy nie zaktualizuj\u0105 aplikacji do najnowszej wersji mog\u0105 napotka\u0107 trudno\u015bci w jej u\u017cytkowaniu lub b\u0119d\u0105 pojawia\u0107 si\u0119 komunikaty o b\u0142\u0119dach. Nowa aplikacja zosta\u0142a opublikowana 18 grudnia 2024 i wi\u0119kszo\u015b\u0107 aktywnych u\u017cytkownik\u00f3w korzysta ju\u017c z nowej wersji aplikacji, jednak\u017ce w sytuacji zg\u0142aszanych przez uczni\u00f3w problem\u00f3w prosimy o pobranie aktualizacji.<\/p>\t\t\t\t\t\t\t\t<\/div>\n\t\t\t\t\t<\/div>\n\t\t\t\t<\/div>\n\t\t\t\t<\/div>\n\t\t","protected":false},"excerpt":{"rendered":"<p>Drodzy Uczniowie i Rodzice!Z rado\u015bci\u0105 informujemy, \u017ce w naszej szkole od 10 pa\u017adziernika 2024 r. b\u0119dzie dzia\u0142a\u0142 system do przeciwdzia\u0142ania i monitorowania przemocy r\u00f3wie\u015bniczej RESQL, kt\u00f3ry realizuje Standardy Ochrony Ma\u0142oletnich. Chcemy, aby ka\u017cdy w LOzOI czu\u0142 si\u0119 bezpiecznie, dlatego postanowili\u015bmy wdro\u017cy\u0107 narz\u0119dzie, kt\u00f3re zapewni uczniom i uczennicom mo\u017cliwo\u015b\u0107 anonimowego zg\u0142aszania niepokoj\u0105cych ich sytuacji. Dodatkowo w [&hellip;]<\/p>\n","protected":false},"author":2,"featured_media":0,"parent":0,"menu_order":0,"comment_status":"closed","ping_status":"closed","template":"","meta":{"footnotes":""},"categories":[],"tags":[],"class_list":["post-1004","page","type-page","status-publish","hentry"],"_links":{"self":[{"href":"https:\/\/lozoi.szczecin.pl\/autoinstalator\/wordpressplugins\/index.php\/wp-json\/wp\/v2\/pages\/1004","targetHints":{"allow":["GET"]}}],"collection":[{"href":"https:\/\/lozoi.szczecin.pl\/autoinstalator\/wordpressplugins\/index.php\/wp-json\/wp\/v2\/pages"}],"about":[{"href":"https:\/\/lozoi.szczecin.pl\/autoinstalator\/wordpressplugins\/index.php\/wp-json\/wp\/v2\/types\/page"}],"author":[{"embeddable":true,"href":"https:\/\/lozoi.szczecin.pl\/autoinstalator\/wordpressplugins\/index.php\/wp-json\/wp\/v2\/users\/2"}],"replies":[{"embeddable":true,"href":"https:\/\/lozoi.szczecin.pl\/autoinstalator\/wordpressplugins\/index.php\/wp-json\/wp\/v2\/comments?post=1004"}],"version-history":[{"count":16,"href":"https:\/\/lozoi.szczecin.pl\/autoinstalator\/wordpressplugins\/index.php\/wp-json\/wp\/v2\/pages\/1004\/revisions"}],"predecessor-version":[{"id":1022,"href":"https:\/\/lozoi.szczecin.pl\/autoinstalator\/wordpressplugins\/index.php\/wp-json\/wp\/v2\/pages\/1004\/revisions\/1022"}],"wp:attachment":[{"href":"https:\/\/lozoi.szczecin.pl\/autoinstalator\/wordpressplugins\/index.php\/wp-json\/wp\/v2\/media?parent=1004"}],"wp:term":[{"taxonomy":"category","embeddable":true,"href":"https:\/\/lozoi.szczecin.pl\/autoinstalator\/wordpressplugins\/index.php\/wp-json\/wp\/v2\/categories?post=1004"},{"taxonomy":"post_tag","embeddable":true,"href":"https:\/\/lozoi.szczecin.pl\/autoinstalator\/wordpressplugins\/index.php\/wp-json\/wp\/v2\/tags?post=1004"}],"curies":[{"name":"wp","href":"https:\/\/api.w.org\/{rel}","templated":true}]}}